{"id":1081,"date":"2018-12-17T11:38:40","date_gmt":"2018-12-17T10:38:40","guid":{"rendered":"https:\/\/www.polok.pl\/?page_id=1081"},"modified":"2018-12-17T15:48:35","modified_gmt":"2018-12-17T14:48:35","slug":"mlodszy-operator-maszyn-produkcyjnych","status":"publish","type":"page","link":"https:\/\/www.polok.pl\/de\/o-firmie\/oferty-pracy\/mlodszy-operator-maszyn-produkcyjnych\/","title":{"rendered":"Stanowisko: M\u0142odszy operator maszyn produkcyjnych"},"content":{"rendered":"<p>Stanowisko: <strong>M\u0142odszy operator maszyn produkcyjnych<\/strong><br \/>\nDzia\u0142: <strong>Produkcja \/ Us\u0142ugi<\/strong><br \/>\nMiejsce: <strong>Gliwice<\/strong><\/p>\n<p><iframe loading=\"lazy\" src=\"https:\/\/www.youtube.com\/embed\/05QMqluHAyw?rel=0&amp;controls=0&amp;showinfo=0\" width=\"625\" height=\"352\" frameborder=\"0\" allowfullscreen=\"allowfullscreen\"><\/iframe><\/p>\n<p><strong>Zakres obowi\u0105zk\u00f3w:<\/strong><\/p>\n<ul>\n<li>obs\u0142uga maszyn produkcyjnych (baz obaw &#8211; najpierw wszystko poka\u017cemy i nauczymy)<\/li>\n<li>wykonywanie zmian oprzyrz\u0105dowania<\/li>\n<li>dbanie o najwy\u017csz\u0105 jako\u015b\u0107 wyrob\u00f3w<\/li>\n<\/ul>\n<p><strong>Wymagania:<\/strong><\/p>\n<ul>\n<li>posiadasz niewielkie do\u015bwiadczenie jako operator maszyn lub chcia\u0142by\u015b nauczy\u0107 si\u0119 nowego zawodu<\/li>\n<li>poszukujesz sta\u0142ej pracy<\/li>\n<li>interesujesz si\u0119 technik\u0105, mechanik\u0105 w bran\u017cy motoryzacyjnej<\/li>\n<li>uko\u0144czy\u0142e\u015b szko\u0142\u0119 o kierunku technicznym (dodatkowy atut)<\/li>\n<\/ul>\n<p><strong>Oferujemy:<\/strong><\/p>\n<ul>\n<li>umowa o prac\u0119,<\/li>\n<li>praca w trybie 8 godzinnym (rozpocz\u0119cie o 7:00 lub o 10:00)<\/li>\n<li>szkolenia wdra\u017caj\u0105ce do pracy na stanowisku<\/li>\n<li>mo\u017cliwo\u015b\u0107 zdobycia do\u015bwiadczenia lub podniesienia kwalifikacji<\/li>\n<li>wynagrodzenie odpowiednie do umiej\u0119tno\u015bci<\/li>\n<li>rozw\u00f3j swoich umiej\u0119tno\u015bci<\/li>\n<li>praca w zgranym zespole i przyjaznej atmosferze<\/li>\n<\/ul>\n<p>CV oraz list motywacyjny nale\u017cy przes\u0142a\u0107 tylko i wy\u0142\u0105cznie na adres\u00a0<a href=\"mailto:rekrutacja@polok.pl\">rekrutacja@polok.pl<\/a>\u00a0z umieszczon\u0105 nast\u0119puj\u0105c\u0105 klauzul\u0105 : \u201eWyra\u017cam zgod\u0119 na przetwarzanie moich danych osobowych zawartych w ofercie pracy dla potrzeb niezb\u0119dnych do realizacji procesu rekrutacji zgodnie z Ustaw\u0105 o Ochronie Danych Osobowych z dnia 29.08.97 (Dz. U. z 2002 r nr 101, poz. 926)\u201d.<\/p>\n<p>Uprzejmie informujemy, \u017ce skontaktujemy si\u0119 tylko z wybranymi kandydatami.<\/p>\n","protected":false},"excerpt":{"rendered":"<p>Stanowisko: M\u0142odszy operator maszyn produkcyjnych Dzia\u0142: Produkcja \/ Us\u0142ugi Miejsce: Gliwice Zakres obowi\u0105zk\u00f3w: obs\u0142uga maszyn produkcyjnych (baz obaw &#8211; najpierw wszystko poka\u017cemy i nauczymy) wykonywanie zmian oprzyrz\u0105dowania dbanie o najwy\u017csz\u0105 jako\u015b\u0107 wyrob\u00f3w Wymagania: posiadasz niewielkie do\u015bwiadczenie jako operator maszyn lub chcia\u0142by\u015b nauczy\u0107 si\u0119 nowego zawodu poszukujesz sta\u0142ej pracy interesujesz si\u0119 technik\u0105, mechanik\u0105 w bran\u017cy motoryzacyjnej [&hellip;]<\/p>\n","protected":false},"author":2,"featured_media":0,"parent":509,"menu_order":202,"comment_status":"closed","ping_status":"closed","template":"","meta":[],"class_list":["post-1081","page","type-page","status-publish","hentry"],"_links":{"self":[{"href":"https:\/\/www.polok.pl\/de\/wp-json\/wp\/v2\/pages\/1081","targetHints":{"allow":["GET"]}}],"collection":[{"href":"https:\/\/www.polok.pl\/de\/wp-json\/wp\/v2\/pages"}],"about":[{"href":"https:\/\/www.polok.pl\/de\/wp-json\/wp\/v2\/types\/page"}],"author":[{"embeddable":true,"href":"https:\/\/www.polok.pl\/de\/wp-json\/wp\/v2\/users\/2"}],"replies":[{"embeddable":true,"href":"https:\/\/www.polok.pl\/de\/wp-json\/wp\/v2\/comments?post=1081"}],"version-history":[{"count":7,"href":"https:\/\/www.polok.pl\/de\/wp-json\/wp\/v2\/pages\/1081\/revisions"}],"predecessor-version":[{"id":1089,"href":"https:\/\/www.polok.pl\/de\/wp-json\/wp\/v2\/pages\/1081\/revisions\/1089"}],"up":[{"embeddable":true,"href":"https:\/\/www.polok.pl\/de\/wp-json\/wp\/v2\/pages\/509"}],"wp:attachment":[{"href":"https:\/\/www.polok.pl\/de\/wp-json\/wp\/v2\/media?parent=1081"}],"curies":[{"name":"wp","href":"https:\/\/api.w.org\/{rel}","templated":true}]}}