{"id":11,"date":"2012-12-17T05:44:06","date_gmt":"2012-12-17T05:44:06","guid":{"rendered":"https:\/\/local.polok.pl\/?page_id=11"},"modified":"2024-05-28T11:51:43","modified_gmt":"2024-05-28T10:51:43","slug":"wspolpraca","status":"publish","type":"page","link":"https:\/\/www.polok.pl\/de\/wspolpraca\/","title":{"rendered":"Wsp\u00f3\u0142praca"},"content":{"rendered":"<p>Wa\u017cnym elementem w budowaniu dobrych relacji z Klientami jest sprawna komunikacja. Dlatego oferujemy mo\u017cliwo\u015b\u0107 sta\u0142ego dost\u0119pu do informacji o post\u0119pie zlecenia przez internet. Wysy\u0142ana automatycznie po otwarciu zlecenia wiadomo\u015b\u0107 SMS zawiera kod dost\u0119pu, umo\u017cliwiaj\u0105cy zalogowanie do Systemu Kontroli Realizacji Zlece\u0144 znajduj\u0105cego si\u0119 na naszej stronie www. W ramach dzia\u0142ania systemu, drog\u0105 SMS-ow\u0105 Klient informowany jest o rozpocz\u0119ciu oraz zako\u0144czeniu zlecenia.<\/p>\n<p>Nast\u0119pnym krokiem do u\u0142atwienia Klientowi wsp\u00f3\u0142pracy z nami jest sklep internetowy <a href=\"https:\/\/www.sklep.polok.pl\/\">www.sklep.polok.pl<\/a>, w kt\u00f3rym znajd\u0105 Pa\u0144stwo asortyment naszej produkcji oraz wyselekcjonowane, wysokiej jako\u015bci towary innych producent\u00f3w.<\/p>\n<p>Dla klient\u00f3w, kt\u00f3rzy chcieliby nawi\u0105za\u0107 sta\u0142\u0105 wsp\u00f3\u0142prac\u0119 z nami przygotowali\u015bmy specjalny program partnerski. Szczeg\u00f3\u0142owe informacje dotycz\u0105ce programu, mo\u017cliwe do uzyskania u naszych Przedstawicieli.<\/p>\n<p>Dla us\u0142ug realizowanych w trybie profesjonalnym, gwarancja jest udzielana na okres 12 miesi\u0119cy w zakresie prawid\u0142owego funkcjonowania przedmiotu us\u0142ugi. Dla us\u0142ug nierealizowanych w trybie profesjonalnym, gwarancja jest udzielana na okres 12 miesi\u0119cy w zakresie wykonanych operacji.<\/p>\n<p>W trosce o czas Klient\u00f3w, nasi przedstawiciele s\u0142u\u017c\u0105 pomoc\u0105 w zakresie doradztwa technicznego, jak i transportu zlecenia w obie strony. Us\u0142uga dost\u0119pna jest w nast\u0119puj\u0105cych regionach:<\/p>\n<p><strong>Po\u0142udniowa Polska<\/strong>: Cieszyn, Jastrz\u0119bie Zdr\u00f3j, Katowice, Miko\u0142\u00f3w, Paw\u0142owice, Racib\u00f3rz, Rybnik, Skocz\u00f3w, Ustro\u0144, Wis\u0142a, Wodzis\u0142aw \u015alaski, \u017bory<\/p>\n<p><strong>Po\u0142udniowo-zachodnia Polska<\/strong>: Brzeg, G\u0142ubczyce, K\u0119dzierzyn Ko\u017ale, Kluczbork, Lubliniec, Namys\u0142\u00f3w, Nysa, Olesno, Opole, Prudnik, Strzelce Opolskie, Tarnowskie G\u00f3ry<\/p>\n<p>W celu um\u00f3wienia przyjazdu prosimy o kontakt:<\/p>\n<p><strong>Marcin Waliczek, tel. +48 500 117 964<\/strong><\/p>\n<h3>Do pobrania<\/h3>\n<ul>\n<li><a href=\"https:\/\/www.polok.pl\/cooperation\/POLOKSpzoo_OWH.pdf\">og\u00f3lne warunki handlowe<\/a><\/li>\n<li><a href=\"https:\/\/www.polok.pl\/cooperation\/POLOKSpzoo_warunki_gwarancji.pdf\">warunki gwarancji<\/a>,<\/li>\n<li><a href=\"https:\/\/www.polok.pl\/cooperation\/POLOKSpzoo_formularz_reklamacyjny.pdf\">formularz reklamacyjny<\/a>.<\/li>\n<li><a href=\"https:\/\/www.polok.pl\/cooperation\/POLOKSpzoo_formularz_odstapienia_od_umowy_ramowej-szczegolowej.pdf\">formularz o\u015bwiadczenia o odst\u0105pieniu od umowy<\/a>.<\/li>\n<\/ul>\n","protected":false},"excerpt":{"rendered":"<p>Wa\u017cnym elementem w budowaniu dobrych relacji z Klientami jest sprawna komunikacja. Dlatego oferujemy mo\u017cliwo\u015b\u0107 sta\u0142ego dost\u0119pu do informacji o post\u0119pie zlecenia przez internet. Wysy\u0142ana automatycznie po otwarciu zlecenia wiadomo\u015b\u0107 SMS zawiera kod dost\u0119pu, umo\u017cliwiaj\u0105cy zalogowanie do Systemu Kontroli Realizacji Zlece\u0144 znajduj\u0105cego si\u0119 na naszej stronie www. W ramach dzia\u0142ania systemu, drog\u0105 SMS-ow\u0105 Klient informowany jest [&hellip;]<\/p>\n","protected":false},"author":1,"featured_media":358,"parent":0,"menu_order":9,"comment_status":"open","ping_status":"open","template":"","meta":[],"class_list":["post-11","page","type-page","status-publish","has-post-thumbnail","hentry"],"_links":{"self":[{"href":"https:\/\/www.polok.pl\/de\/wp-json\/wp\/v2\/pages\/11","targetHints":{"allow":["GET"]}}],"collection":[{"href":"https:\/\/www.polok.pl\/de\/wp-json\/wp\/v2\/pages"}],"about":[{"href":"https:\/\/www.polok.pl\/de\/wp-json\/wp\/v2\/types\/page"}],"author":[{"embeddable":true,"href":"https:\/\/www.polok.pl\/de\/wp-json\/wp\/v2\/users\/1"}],"replies":[{"embeddable":true,"href":"https:\/\/www.polok.pl\/de\/wp-json\/wp\/v2\/comments?post=11"}],"version-history":[{"count":38,"href":"https:\/\/www.polok.pl\/de\/wp-json\/wp\/v2\/pages\/11\/revisions"}],"predecessor-version":[{"id":3113,"href":"https:\/\/www.polok.pl\/de\/wp-json\/wp\/v2\/pages\/11\/revisions\/3113"}],"wp:featuredmedia":[{"embeddable":true,"href":"https:\/\/www.polok.pl\/de\/wp-json\/wp\/v2\/media\/358"}],"wp:attachment":[{"href":"https:\/\/www.polok.pl\/de\/wp-json\/wp\/v2\/media?parent=11"}],"curies":[{"name":"wp","href":"https:\/\/api.w.org\/{rel}","templated":true}]}}