{"id":2168,"date":"2022-09-05T11:29:55","date_gmt":"2022-09-05T10:29:55","guid":{"rendered":"https:\/\/www.polok.pl\/?page_id=2168"},"modified":"2022-10-20T13:02:14","modified_gmt":"2022-10-20T12:02:14","slug":"regeneracja-korbowodow","status":"publish","type":"page","link":"https:\/\/www.polok.pl\/de\/uslugi\/regeneracja-korbowodow\/","title":{"rendered":"Regeneracja korbowod\u00f3w"},"content":{"rendered":"<p>Korbow\u00f3d jest nieroz\u0142\u0105czn\u0105 cz\u0119\u015bci\u0105 mi\u0119dzy innymi silnik\u00f3w spalinowych t\u0142okowych, w kt\u00f3rych odgrywa jedn\u0105 z wa\u017cniejszych r\u00f3l w mechanizmie korbowym. S\u0142u\u017cy do zamiany ruchu posuwisto-zwrotnego t\u0142oka na ruch obrotowy wa\u0142u korbowego albo obrotowego ruchu wa\u0142u na ruch posuwisty t\u0142oka.<\/p>\n<p>Jego najwa\u017cniejsze elementy budowy to:<\/p>\n<ul>\n<li>stopa (najcz\u0119\u015bciej dzielona w celu u\u0142atwienia monta\u017cu),<\/li>\n<li>trzon (najcz\u0119\u015bciej o przekroju dwuteowym),<\/li>\n<li>g\u0142\u00f3wka.<\/li>\n<\/ul>\n<p>Podczas eksploatacji silnika korbow\u00f3d przenosi znaczne obci\u0105\u017cenia i zu\u017cywa si\u0119 szczeg\u00f3lnie na g\u0142\u00f3wce, kt\u00f3ra za pomoc\u0105 sworznia \u0142\u0105czy korbow\u00f3d z t\u0142okiem. Wyposa\u017cona najcz\u0119\u015bciej w panewk\u0119 stopa korbowodu tak\u017ce jest elementem nara\u017conym na potencjalne uszkodzenie podczas pracy silnika. Do jej uszkodzenia dochodzi najcz\u0119\u015bciej w wyniku uszkodzenia panewki (zatarcia, obr\u00f3cenia w wyniku niedostatecznego smarowania, lub przegrzania).<\/p>\n<p>W zakresie regeneracji korbowodu oferujemy kompleksow\u0105 napraw\u0119 obu newralgicznych cz\u0119\u015bci zar\u00f3wno g\u0142\u00f3wki, jak i stopy, oraz sprawdzenie i prostowanie trzonu korbowodu.<br \/>\nRegeneracj\u0119 przeprowadzamy z wykorzystaniem wysokogatunkowych materia\u0142\u00f3w, z kt\u00f3rych wykonujemy g\u0142\u00f3wki korbowodu oraz za pomoc\u0105 dedykowanych maszyn do obr\u00f3bki takich jak:<\/p>\n<ul>\n<li>wytaczarka do korbowod\u00f3w,<\/li>\n<li>honownica do korbowod\u00f3w,<\/li>\n<li>szlifierka do skracania stopy korbowodu,<\/li>\n<li>przyrz\u0105d do sprawdzania i prostowania korbowod\u00f3w.<\/li>\n<\/ul>\n","protected":false},"excerpt":{"rendered":"<p>Korbow\u00f3d jest nieroz\u0142\u0105czn\u0105 cz\u0119\u015bci\u0105 mi\u0119dzy innymi silnik\u00f3w spalinowych t\u0142okowych, w kt\u00f3rych odgrywa jedn\u0105 z wa\u017cniejszych r\u00f3l w mechanizmie korbowym. S\u0142u\u017cy do zamiany ruchu posuwisto-zwrotnego t\u0142oka na ruch obrotowy wa\u0142u korbowego albo obrotowego ruchu wa\u0142u na ruch posuwisty t\u0142oka. Jego najwa\u017cniejsze elementy budowy to: stopa (najcz\u0119\u015bciej dzielona w celu u\u0142atwienia monta\u017cu), trzon (najcz\u0119\u015bciej o przekroju dwuteowym), [&hellip;]<\/p>\n","protected":false},"author":2,"featured_media":0,"parent":8,"menu_order":3,"comment_status":"closed","ping_status":"closed","template":"podstrona.php","meta":[],"class_list":["post-2168","page","type-page","status-publish","hentry"],"_links":{"self":[{"href":"https:\/\/www.polok.pl\/de\/wp-json\/wp\/v2\/pages\/2168","targetHints":{"allow":["GET"]}}],"collection":[{"href":"https:\/\/www.polok.pl\/de\/wp-json\/wp\/v2\/pages"}],"about":[{"href":"https:\/\/www.polok.pl\/de\/wp-json\/wp\/v2\/types\/page"}],"author":[{"embeddable":true,"href":"https:\/\/www.polok.pl\/de\/wp-json\/wp\/v2\/users\/2"}],"replies":[{"embeddable":true,"href":"https:\/\/www.polok.pl\/de\/wp-json\/wp\/v2\/comments?post=2168"}],"version-history":[{"count":7,"href":"https:\/\/www.polok.pl\/de\/wp-json\/wp\/v2\/pages\/2168\/revisions"}],"predecessor-version":[{"id":2268,"href":"https:\/\/www.polok.pl\/de\/wp-json\/wp\/v2\/pages\/2168\/revisions\/2268"}],"up":[{"embeddable":true,"href":"https:\/\/www.polok.pl\/de\/wp-json\/wp\/v2\/pages\/8"}],"wp:attachment":[{"href":"https:\/\/www.polok.pl\/de\/wp-json\/wp\/v2\/media?parent=2168"}],"curies":[{"name":"wp","href":"https:\/\/api.w.org\/{rel}","templated":true}]}}