{"id":425,"date":"2015-06-09T08:52:58","date_gmt":"2015-06-09T07:52:58","guid":{"rendered":"https:\/\/www.polok.pl\/?page_id=425"},"modified":"2021-10-08T13:15:35","modified_gmt":"2021-10-08T12:15:35","slug":"spawanie-bloku-silnika","status":"publish","type":"page","link":"https:\/\/www.polok.pl\/de\/uslugi\/spawanie-bloku-silnika\/","title":{"rendered":"Regeneracja blok\u00f3w silnika"},"content":{"rendered":"<p style=\"text-align: justify;\"><strong>Blok silnika samochodowego to centrum jednostki nap\u0119dowej<\/strong> &#8211; wraz z g\u0142owic\u0105 <em>(g\u0142owicami)<\/em> stanowi obudow\u0119 dla uk\u0142adu korbowego <em>(zmieniaj\u0105cego ruch posuwisto-zwrotny na obrotowy)<\/em> oraz uk\u0142adu rozrz\u0105du silnika, jak r\u00f3wnie\u017c umo\u017cliwia umocowanie osprz\u0119tu silnika i jego samego w poje\u017adzie.<\/p>\n<p style=\"text-align: justify;\">Mo\u017cna powiedzie\u0107, \u017ce to serce ca\u0142ego pojazdu. Sk\u0142ada si\u0119 z dw\u00f3ch cz\u0119\u015bci &#8211; bloku cylindrowego oraz skrzyni korbowej.<\/p>\n<p style=\"text-align: justify;\"><img loading=\"lazy\" decoding=\"async\" class=\"aligncenter wp-image-484\" src=\"https:\/\/www.polok.pl\/wp-content\/uploads\/2015\/06\/engine-112425_1280-e1428751676223-\u2014-kopia.jpg\" alt=\"Silnik w samochodzie\" width=\"642\" height=\"251\" srcset=\"https:\/\/www.polok.pl\/wp-content\/uploads\/2015\/06\/engine-112425_1280-e1428751676223-\u2014-kopia.jpg 899w, https:\/\/www.polok.pl\/wp-content\/uploads\/2015\/06\/engine-112425_1280-e1428751676223-\u2014-kopia-300x117.jpg 300w\" sizes=\"auto, (max-width: 642px) 100vw, 642px\" \/><\/p>\n<p style=\"text-align: justify;\"><strong>Bez silnika \u017cadna maszyna nie jest w stanie samodzielnie si\u0119 porusza\u0107. Blok silnika jest na tyle wytrzyma\u0142y, by przetrwa\u0107 niejedno, lecz ka\u017cdy u\u017cywany element z biegiem czasu si\u0119 zu\u017cywa. Co wtedy? <\/strong><\/p>\n<p style=\"text-align: justify;\">Bloki silnikowe mog\u0105 p\u0119kn\u0105\u0107, ulec uszkodzeniu podczas st\u0142uczki, b\u0105d\u017a na przyk\u0142ad zosta\u0107 pot\u0142uczone przez oderwane korbowody, czy w wyniku jakichkolwiek innych usterek. Nie oznacza to wcale, \u017ce ca\u0142o\u015b\u0107 nale\u017cy koniecznie wymienia\u0107 i p\u0142aci\u0107 horrendalne sumy. Nie ma r\u00f3wnie\u017c \u017cadnego cudownego specyfiku, kt\u00f3ry by\u0142by w stanie poskleja\u0107 zepsute elementy. Jedynym, najlepszym i najtrwalszym rozwi\u0105zaniem jest zespawanie zniszczonego miejsca!<\/p>\n<p style=\"text-align: justify;\"><img loading=\"lazy\" decoding=\"async\" class=\"aligncenter wp-image-485\" src=\"https:\/\/www.polok.pl\/wp-content\/uploads\/2015\/06\/4540-\u2014-kopia.jpg\" alt=\"Spawanie\" width=\"642\" height=\"320\" srcset=\"https:\/\/www.polok.pl\/wp-content\/uploads\/2015\/06\/4540-\u2014-kopia.jpg 517w, https:\/\/www.polok.pl\/wp-content\/uploads\/2015\/06\/4540-\u2014-kopia-300x149.jpg 300w\" sizes=\"auto, (max-width: 642px) 100vw, 642px\" \/><\/p>\n<p style=\"text-align: justify;\"><strong>Nasza firma opracowa\u0142a unikalny spos\u00f3b spawania \u017celiwa &#8211; w\u0142a\u015bnie w tym si\u0119 specjalizujemy.<\/strong><\/p>\n<p style=\"text-align: justify;\">Dzi\u0119ki najnowszej technologii jeste\u015bmy w stanie skutecznie zespawa\u0107 powierzchnie blok\u00f3w silnikowych oraz innych maszyn. Przy tym posiadane przez nas sprz\u0119ty umo\u017cliwiaj\u0105 zaj\u0119cie si\u0119 nie tylko przeci\u0119tnej wielko\u015bci silnikami, lecz r\u00f3wnie\u017c tymi o nieco wi\u0119kszych gabarytach.<\/p>\n<p style=\"text-align: justify;\">\u017beliwo <em>(stop \u017celaza z w\u0119glem i innymi, wyst\u0119puj\u0105cymi w drobniejszej domieszce sk\u0142adnikami)<\/em> to materia\u0142 uznawany w spawalnictwie za nieco ci\u0119\u017cki w obr\u00f3bce, ze wzgl\u0119du na jego krucho\u015b\u0107 i sk\u0142onno\u015b\u0107 do p\u0119kni\u0119\u0107 przy napr\u0119\u017ceniu spawalniczym.<\/p>\n<p style=\"text-align: justify;\"><strong>Dlatego uwa\u017ca si\u0119, \u017ce najlepiej &#8211; i dla najlepszego efektu &#8211; nale\u017cy stosowa\u0107 w reperowaniu p\u0119kni\u0119\u0107 \u017celiwnych blok\u00f3w silnikowych spoiw niklowych lub ze stop\u00f3w niklu.Mog\u0105 one podlega\u0107 obr\u00f3bce mechanicznej nawet bez uprzedniej obr\u00f3bki cieplnej.<\/strong><\/p>\n<p style=\"text-align: justify;\">Blok silnika mo\u017ce zosta\u0107 zreperowany w wyniku spawania:<br \/>\n&#8211; na zimno<br \/>\n&#8211; na gor\u0105co<br \/>\n&#8211; na p\u00f3\u0142gor\u0105co<\/p>\n<p style=\"text-align: justify;\"><img loading=\"lazy\" decoding=\"async\" class=\"aligncenter wp-image-486\" src=\"https:\/\/www.polok.pl\/wp-content\/uploads\/2015\/06\/welding-630618_640-\u2014-kopia.jpg\" alt=\"Spawanie na gor\u0105co\" width=\"642\" height=\"294\" srcset=\"https:\/\/www.polok.pl\/wp-content\/uploads\/2015\/06\/welding-630618_640-\u2014-kopia.jpg 640w, https:\/\/www.polok.pl\/wp-content\/uploads\/2015\/06\/welding-630618_640-\u2014-kopia-300x137.jpg 300w\" sizes=\"auto, (max-width: 642px) 100vw, 642px\" \/><\/p>\n<p style=\"text-align: justify;\">Wszystkie sposoby wymagaj\u0105 wielkiej precyzji, dok\u0142adno\u015bci, do\u015bwiadczenia, przygotowania powierzchni i brzeg\u00f3w p\u0119kni\u0119cia do p\u00f3\u017aniejszego spawania, wyboru w\u0142a\u015bciwego spoiwa, stosownego sprz\u0119tu oraz dobrania odpowiedniej metody do indywidualnego przypadku, maszyny, jak r\u00f3wnie\u017c uszkodzenia.<\/p>\n<p style=\"text-align: justify;\"><strong>Nasza firma zapewnia swoim klientom najlepsz\u0105 obs\u0142ug\u0119 &#8211; zadowolenie klienta oraz w\u0142a\u015bciwe zreperowanie usterki jest naszym priorytetem.<\/strong><\/p>\n","protected":false},"excerpt":{"rendered":"<p>Blok silnika samochodowego to centrum jednostki nap\u0119dowej &#8211; wraz z g\u0142owic\u0105 (g\u0142owicami) stanowi obudow\u0119 dla uk\u0142adu korbowego (zmieniaj\u0105cego ruch posuwisto-zwrotny na obrotowy) oraz uk\u0142adu rozrz\u0105du silnika, jak r\u00f3wnie\u017c umo\u017cliwia umocowanie osprz\u0119tu silnika i jego samego w poje\u017adzie. Mo\u017cna powiedzie\u0107, \u017ce to serce ca\u0142ego pojazdu. Sk\u0142ada si\u0119 z dw\u00f3ch cz\u0119\u015bci &#8211; bloku cylindrowego oraz skrzyni korbowej. [&hellip;]<\/p>\n","protected":false},"author":2,"featured_media":0,"parent":8,"menu_order":1,"comment_status":"open","ping_status":"open","template":"podstrona.php","meta":[],"class_list":["post-425","page","type-page","status-publish","hentry"],"_links":{"self":[{"href":"https:\/\/www.polok.pl\/de\/wp-json\/wp\/v2\/pages\/425","targetHints":{"allow":["GET"]}}],"collection":[{"href":"https:\/\/www.polok.pl\/de\/wp-json\/wp\/v2\/pages"}],"about":[{"href":"https:\/\/www.polok.pl\/de\/wp-json\/wp\/v2\/types\/page"}],"author":[{"embeddable":true,"href":"https:\/\/www.polok.pl\/de\/wp-json\/wp\/v2\/users\/2"}],"replies":[{"embeddable":true,"href":"https:\/\/www.polok.pl\/de\/wp-json\/wp\/v2\/comments?post=425"}],"version-history":[{"count":6,"href":"https:\/\/www.polok.pl\/de\/wp-json\/wp\/v2\/pages\/425\/revisions"}],"predecessor-version":[{"id":1645,"href":"https:\/\/www.polok.pl\/de\/wp-json\/wp\/v2\/pages\/425\/revisions\/1645"}],"up":[{"embeddable":true,"href":"https:\/\/www.polok.pl\/de\/wp-json\/wp\/v2\/pages\/8"}],"wp:attachment":[{"href":"https:\/\/www.polok.pl\/de\/wp-json\/wp\/v2\/media?parent=425"}],"curies":[{"name":"wp","href":"https:\/\/api.w.org\/{rel}","templated":true}]}}