{"id":7,"date":"2012-12-17T05:45:11","date_gmt":"2012-12-17T05:45:11","guid":{"rendered":"https:\/\/local.polok.pl\/?page_id=7"},"modified":"2018-09-25T09:02:58","modified_gmt":"2018-09-25T08:02:58","slug":"o-firmie","status":"publish","type":"page","link":"https:\/\/www.polok.pl\/de\/o-firmie\/","title":{"rendered":"O firmie"},"content":{"rendered":"<p>Firma POLOK Sp. z o.o. rozpocz\u0119\u0142a swoj\u0105 dzia\u0142alno\u015b\u0107 na rynku motoryzacyjnym ju\u017c w 1989 roku pod nazw\u0105 POLOK WELDING. Tw\u00f3rc\u0105 firmy jest W\u0142adys\u0142aw Polok, kt\u00f3ry w oparciu o bogate do\u015bwiadczenia zawodowe, wieloletni\u0105 praktyk\u0119 oraz wsp\u00f3\u0142prac\u0119 z renomowanymi firmami, budowa\u0142 przedsi\u0119biorstwo krok po kroku.<\/p>\n<p>Nasz\u0105 firm\u0119 tworz\u0105 jednak przede wszystkim pracownicy \u2013 to oni na co dzie\u0144 dbaj\u0105 o jako\u015b\u0107 wykonywanych zada\u0144 oraz terminowo\u015b\u0107 realizacji zlece\u0144. Nie spos\u00f3b pomin\u0105\u0107 rodzinnego charakteru firmy, bowiem z jej w\u0142a\u015bcicielem wsp\u00f3\u0142pracuje r\u00f3wnie\u017c syn Piotr.<\/p>\n<p>W ofercie firmy POLOK Sp. z o.o. znajd\u0105 Pa\u0144stwo us\u0142ugi naprawy wszystkich typ\u00f3w g\u0142owic silnikowych, jak i specjalistyczne us\u0142ugi spawalnicze, oparte o najnowsze technologie, a tak\u017ce produkty w\u0142asne, jak pasta do docierania gniazd zaworowych, gniazda zaworowe, tuleje na gniazda zaworowe (r\u00f3wnie\u017c na paliwo LPG), obsady wtryskiwaczy, tuleje na gniazda osadcze pompo-wtrysk\u00f3w i inne.<\/p>\n<p>Szczeg\u00f3lnym osi\u0105gni\u0119ciem jest opracowanie technologii spawania \u017celiwa, z powodzeniem stosowanej w naprawie g\u0142owic silnik\u00f3w spalinowych takich marek jak: Mercedes, MAN, DAF, Scania, Renault, Iveco, Volvo. Do realizacji us\u0142ug wykorzystywany jest sprz\u0119t wiod\u0105cych producent\u00f3w. Warto podkre\u015bli\u0107, i\u017c firma \u2013 jako jedna z nielicznych \u2013 dysponuje unikaln\u0105 technologi\u0105 NEWEN FIXED-TURNING do obr\u00f3bki gniazd zaworowych.<\/p>\n<p>Przyjmujemy do realizacji bardzo nietypowe zlecenia. Podejmujemy si\u0119 r\u00f3wnie\u017c regeneracji silnik\u00f3w zabytkowych \u2013 z wyj\u0105tkow\u0105 dba\u0142o\u015bci\u0105 i rozwag\u0105 dokonujemy wszelkich dzia\u0142a\u0144, aby spe\u0142ni\u0107 oczekiwania hobbyst\u00f3w oldtimer\u00f3w.<\/p>\n<p>Od roku 2009 jeste\u015bmy dystrybutorem maszyn firmy NEWEN \u2013 wiod\u0105cej marki w dziedzinie produkcji maszyn do precyzyjnej obr\u00f3bki gniazd zaworowych. Ich oferta jest dost\u0119pna na stronie www.newen.pl.<\/p>\n<p>Firma POLOK Sp. z o.o. jest r\u00f3wnie\u017c w\u0142a\u015bcicielem marki Polineo, \u015bwiadcz\u0105cej us\u0142ugi dost\u0119pu do sieci internet na terenach miejscowo\u015bci: Wis\u0142a, Ustro\u0144, Istebna, Koniak\u00f3w, Jaworzynka, Golesz\u00f3w, Zwardo\u0144, Mil\u00f3wka, Skocz\u00f3w i innych. Wi\u0119cej informacji: <a href=\"https:\/\/www.polineo.pl\/\" target=\"_blank\">www.polineo.pl<\/a>.<\/p>\n","protected":false},"excerpt":{"rendered":"<p>Firma POLOK Sp. z o.o. rozpocz\u0119\u0142a swoj\u0105 dzia\u0142alno\u015b\u0107 na rynku motoryzacyjnym ju\u017c w 1989 roku pod nazw\u0105 POLOK WELDING. Tw\u00f3rc\u0105 firmy jest W\u0142adys\u0142aw Polok, kt\u00f3ry w oparciu o bogate do\u015bwiadczenia zawodowe, wieloletni\u0105 praktyk\u0119 oraz wsp\u00f3\u0142prac\u0119 z renomowanymi firmami, budowa\u0142 przedsi\u0119biorstwo krok po kroku. Nasz\u0105 firm\u0119 tworz\u0105 jednak przede wszystkim pracownicy \u2013 to oni na co [&hellip;]<\/p>\n","protected":false},"author":1,"featured_media":350,"parent":0,"menu_order":4,"comment_status":"open","ping_status":"open","template":"","meta":[],"class_list":["post-7","page","type-page","status-publish","has-post-thumbnail","hentry"],"_links":{"self":[{"href":"https:\/\/www.polok.pl\/de\/wp-json\/wp\/v2\/pages\/7","targetHints":{"allow":["GET"]}}],"collection":[{"href":"https:\/\/www.polok.pl\/de\/wp-json\/wp\/v2\/pages"}],"about":[{"href":"https:\/\/www.polok.pl\/de\/wp-json\/wp\/v2\/types\/page"}],"author":[{"embeddable":true,"href":"https:\/\/www.polok.pl\/de\/wp-json\/wp\/v2\/users\/1"}],"replies":[{"embeddable":true,"href":"https:\/\/www.polok.pl\/de\/wp-json\/wp\/v2\/comments?post=7"}],"version-history":[{"count":15,"href":"https:\/\/www.polok.pl\/de\/wp-json\/wp\/v2\/pages\/7\/revisions"}],"predecessor-version":[{"id":1031,"href":"https:\/\/www.polok.pl\/de\/wp-json\/wp\/v2\/pages\/7\/revisions\/1031"}],"wp:featuredmedia":[{"embeddable":true,"href":"https:\/\/www.polok.pl\/de\/wp-json\/wp\/v2\/media\/350"}],"wp:attachment":[{"href":"https:\/\/www.polok.pl\/de\/wp-json\/wp\/v2\/media?parent=7"}],"curies":[{"name":"wp","href":"https:\/\/api.w.org\/{rel}","templated":true}]}}