{"id":14,"date":"2012-12-17T05:44:32","date_gmt":"2012-12-17T05:44:32","guid":{"rendered":"https:\/\/local.polok.pl\/?page_id=14"},"modified":"2018-02-06T21:00:47","modified_gmt":"2018-02-06T20:00:47","slug":"kontakt","status":"publish","type":"page","link":"https:\/\/www.polok.pl\/en\/kontakt\/","title":{"rendered":"Kontakt"},"content":{"rendered":"\n                <div class='gf_browser_gecko gform_wrapper' id='gform_wrapper_1' ><form method='post' enctype='multipart\/form-data'  id='gform_1'  action='\/en\/wp-json\/wp\/v2\/pages\/14'>\n                        <div class='gform_body'><ul id='gform_fields_1' class='gform_fields left_label form_sublabel_below description_below'><li id='field_1_1' class='gfield gfield_contains_required field_sublabel_below field_description_below' ><label class='gfield_label' for='input_1_1' >Imi\u0119 i nazwisko<span class='gfield_required'>*<\/span><\/label><div class='ginput_container'><input name='input_1' id='input_1_1' type='text' value='' class='medium'  tabindex='1'   \/><\/div><\/li><li id='field_1_2' class='gfield gfield_contains_required field_sublabel_below field_description_below' ><label class='gfield_label' for='input_1_2' >E-mail<span class='gfield_required'>*<\/span><\/label><div class='ginput_container'>\n                            <input name='input_2' id='input_1_2' type='text' value='' class='medium' tabindex='2'   \/>\n                        <\/div><\/li><li id='field_1_4' class='gfield field_sublabel_below field_description_below' ><label class='gfield_label' for='input_1_4' >Telefon<\/label><div class='ginput_container'><input name='input_4' id='input_1_4' type='text' value='' class='medium'  tabindex='3'   \/><\/div><\/li><li id='field_1_7' class='gfield gfield_contains_required field_sublabel_below field_description_below' ><label class='gfield_label' for='input_1_7' >Temat<span class='gfield_required'>*<\/span><\/label><div class='ginput_container'><input name='input_7' id='input_1_7' type='text' value='' class='medium'  tabindex='4'   \/><\/div><\/li><li id='field_1_5' class='gfield field_sublabel_below field_description_below' ><label class='gfield_label' for='input_1_5' >Wiadomo\u015b\u0107<\/label><div class='ginput_container'>\n\t\t\t\t\t<textarea name='input_5' id='input_1_5' class='textarea medium' tabindex='5'    rows='10' cols='50'><\/textarea>\n\t\t\t\t<\/div><\/li>\n                            <\/ul><\/div>\n        <div class='gform_footer left_label'> <input type='submit' id='gform_submit_button_1' class='gform_button button' value='Wy\u015blij wiadomo\u015b\u0107' tabindex='6' onclick='if(window[\"gf_submitting_1\"]){return false;}  window[\"gf_submitting_1\"]=true;  ' \/> \n            <input type='hidden' class='gform_hidden' name='is_submit_1' value='1' \/>\n            <input type='hidden' class='gform_hidden' name='gform_submit' value='1' \/>\n            \n            <input type='hidden' class='gform_hidden' name='gform_unique_id' value='' \/>\n            <input type='hidden' class='gform_hidden' name='state_1' value='WyJbXSIsIjVmNTE1MGI5NjYwOTExMTg1MGI2M2ZjOWQxZmU2Y2YzIl0=' \/>\n            <input type='hidden' class='gform_hidden' name='gform_target_page_number_1' id='gform_target_page_number_1' value='0' \/>\n            <input type='hidden' class='gform_hidden' name='gform_source_page_number_1' id='gform_source_page_number_1' value='1' \/>\n            <input type='hidden' name='gform_field_values' value='' \/>\n            \n        <\/div>\n                        <\/form>\n                        <\/div><script type='text\/javascript'> jQuery(document).bind('gform_post_render', function(event, formId, currentPage){if(formId == 1) {} } );jQuery(document).bind('gform_post_conditional_logic', function(event, formId, fields, isInit){} );<\/script><script type='text\/javascript'> jQuery(document).ready(function(){jQuery(document).trigger('gform_post_render', [1, 1]) } ); <\/script>\n","protected":false},"excerpt":{"rendered":"","protected":false},"author":1,"featured_media":388,"parent":0,"menu_order":12,"comment_status":"open","ping_status":"open","template":"kontakt.php","meta":[],"class_list":["post-14","page","type-page","status-publish","has-post-thumbnail","hentry"],"_links":{"self":[{"href":"https:\/\/www.polok.pl\/en\/wp-json\/wp\/v2\/pages\/14","targetHints":{"allow":["GET"]}}],"collection":[{"href":"https:\/\/www.polok.pl\/en\/wp-json\/wp\/v2\/pages"}],"about":[{"href":"https:\/\/www.polok.pl\/en\/wp-json\/wp\/v2\/types\/page"}],"author":[{"embeddable":true,"href":"https:\/\/www.polok.pl\/en\/wp-json\/wp\/v2\/users\/1"}],"replies":[{"embeddable":true,"href":"https:\/\/www.polok.pl\/en\/wp-json\/wp\/v2\/comments?post=14"}],"version-history":[{"count":12,"href":"https:\/\/www.polok.pl\/en\/wp-json\/wp\/v2\/pages\/14\/revisions"}],"predecessor-version":[{"id":790,"href":"https:\/\/www.polok.pl\/en\/wp-json\/wp\/v2\/pages\/14\/revisions\/790"}],"wp:featuredmedia":[{"embeddable":true,"href":"https:\/\/www.polok.pl\/en\/wp-json\/wp\/v2\/media\/388"}],"wp:attachment":[{"href":"https:\/\/www.polok.pl\/en\/wp-json\/wp\/v2\/media?parent=14"}],"curies":[{"name":"wp","href":"https:\/\/api.w.org\/{rel}","templated":true}]}}