{"id":9,"date":"2012-12-17T05:43:44","date_gmt":"2012-12-17T05:43:44","guid":{"rendered":"https:\/\/local.polok.pl\/?page_id=9"},"modified":"2019-02-01T16:44:53","modified_gmt":"2019-02-01T15:44:53","slug":"produkty","status":"publish","type":"page","link":"https:\/\/www.polok.pl\/en\/produkty\/","title":{"rendered":"Produkty"},"content":{"rendered":"<h3>pasta do docierania zawor\u00f3w<\/h3>\n<p>Pasta do docierania gniazd zaworowych o nazwie BEWIR powsta\u0142a w wyniku wieloletnich do\u015bwiadcze\u0144 w firmie POLOK\u00a0Sp.\u00a0z\u00a0o.o. Jako firma zajmuj\u0105ca si\u0119 na szerok\u0105 skal\u0119 napraw\u0105 g\u0142owic silnikowych, nieustannie poszukujemy mo\u017cliwie najlepszych materia\u0142\u00f3w i rozwi\u0105za\u0144 technologicznych. Dost\u0119pne na rynku pasty nie spe\u0142nia\u0142y naszych oczekiwa\u0144, co sk\u0142oni\u0142o nas do podj\u0119cia bada\u0144 nad zupe\u0142nie nowym produktem. Pasta BEWIR wykazuje bardzo dobre w\u0142a\u015bciwo\u015bci, ma szerokie zastosowanie i w pe\u0142ni zaspokaja nasze potrzeby.<\/p>\n<p>&nbsp;<\/p>\n<h3>tuleje na gniazda zaworowe<\/h3>\n<p>Wychodz\u0105c naprzeciw oczekiwaniom naszych Klient\u00f3w, oferujemy tuleje w postaci p\u00f3\u0142fabrykat\u00f3w przeznaczonych do wykonania profesjonalnych gniazd zaworowych, spe\u0142niaj\u0105cych wszelkie normy eksploatacyjne. Ze wzgl\u0119du na swoje w\u0142a\u015bciwo\u015bci, oferowany materia\u0142 polecany jest zar\u00f3wno do stosowania w g\u0142owicach silnik\u00f3w spalinowych zasilanych paliwem LPG, jak i benzyn\u0105 czy olejem nap\u0119dowym. Materia\u0142 jest wykonany metod\u0105 odlewania precyzyjnego, dodatkowo dla uzyskania idealnej osiowo\u015bci tuleje s\u0105 wst\u0119pnie toczone. Pe\u0142na lista wymiar\u00f3w jest dost\u0119pna w sklepie online <a href=\"http:\/\/www.sklep.polok.pl\/category\/33\/tuleje-na-gniazda-zaworowe\">www.sklep.polok.pl<\/a>.<\/p>\n<p>&nbsp;<\/p>\n<h3>gniazda zaworowe<\/h3>\n<p>Produkowane przez nas gniazda zaworowe mo\u017cna swobodnie stosowa\u0107 do silnik\u00f3w spalinowych zasilanych paliwem LPG, silnik\u00f3w Diesla czy benzynowych. Opracowanie sk\u0142adu chemicznego zosta\u0142o zlecone pracownikom naukowym, in\u017cynierom, metaloznawcom i konstruktorom polskim o mi\u0119dzynarodowym autorytecie. Pe\u0142na lista wymiar\u00f3w jest dost\u0119pna w sklepie online <a href=\"http:\/\/www.sklep.polok.pl\/category\/25\/gniazda-zaworowe\">www.sklep.polok.pl<\/a>.<\/p>\n<p>&nbsp;<\/p>\n<h3>komory wst\u0119pnego spalania<\/h3>\n<p>Z uwagi na niedost\u0119pno\u015b\u0107 na rynku kom\u00f3r wst\u0119pnego spalania, rozpocz\u0119li\u015bmy w 2000 roku ich produkcj\u0119. Obecnie produkujemy komory do wi\u0119kszo\u015bci modeli silnik\u00f3w Diesla, zar\u00f3wno w wymiarach nominalnych, jak i nadwymiarowych. Na indywidualne zlecenie Klienta wykonujemy komory do bardzo rzadkich modeli i komory o nietypowych wymiarach. . Podj\u0119te zosta\u0142y prace badawcze, wyniki kt\u00f3rych pozwoli\u0142y opracowa\u0107 technologi\u0119 produkcji zapewniaj\u0105c\u0105 otrzymanie kom\u00f3r wst\u0119pnego spalania o bardzo wysokiej trwa\u0142o\u015bci eksploatacyjnej. Pe\u0142na lista kom\u00f3r wst\u0119pnego spalania dost\u0119pna jest w sklepie internetowym <a href=\"http:\/\/www.sklep.polok.pl\/category\/1\/komory-wstepnego-spalania\">www.sklep.polok.pl<\/a>.<\/p>\n<p>&nbsp;<\/p>\n<h3>obsady wtryskiwaczy<\/h3>\n<p>Jako \u017ce obsady wtryskiwaczy w rozmiarach nadwymiarowych s\u0105 trudno dost\u0119pne na rynku, rozpocz\u0119li\u015bmy produkcj\u0119 tych element\u00f3w. Produkujemy obsady wtryskiwaczy o wymiarach nominalnych jak i nadwymiarowych z materia\u0142\u00f3w takich jak mied\u017a, br\u0105z, stal, \u017celiwo. Obsady s\u0105 wykonywane na indywidualne zam\u00f3wienie lub jako element seryjnej produkcji, dost\u0119pnej w sklepie internetowym <a href=\"http:\/\/www.sklep.polok.pl\/category\/32\/obsady-wtryskiwaczy\">www.sklep.polok.pl<\/a>.<\/p>\n","protected":false},"excerpt":{"rendered":"<p>pasta do docierania zawor\u00f3w Pasta do docierania gniazd zaworowych o nazwie BEWIR powsta\u0142a w wyniku wieloletnich do\u015bwiadcze\u0144 w firmie POLOK\u00a0Sp.\u00a0z\u00a0o.o. Jako firma zajmuj\u0105ca si\u0119 na szerok\u0105 skal\u0119 napraw\u0105 g\u0142owic silnikowych, nieustannie poszukujemy mo\u017cliwie najlepszych materia\u0142\u00f3w i rozwi\u0105za\u0144 technologicznych. Dost\u0119pne na rynku pasty nie spe\u0142nia\u0142y naszych oczekiwa\u0144, co sk\u0142oni\u0142o nas do podj\u0119cia bada\u0144 nad zupe\u0142nie nowym [&hellip;]<\/p>\n","protected":false},"author":1,"featured_media":354,"parent":0,"menu_order":6,"comment_status":"open","ping_status":"open","template":"","meta":[],"class_list":["post-9","page","type-page","status-publish","has-post-thumbnail","hentry"],"_links":{"self":[{"href":"https:\/\/www.polok.pl\/en\/wp-json\/wp\/v2\/pages\/9","targetHints":{"allow":["GET"]}}],"collection":[{"href":"https:\/\/www.polok.pl\/en\/wp-json\/wp\/v2\/pages"}],"about":[{"href":"https:\/\/www.polok.pl\/en\/wp-json\/wp\/v2\/types\/page"}],"author":[{"embeddable":true,"href":"https:\/\/www.polok.pl\/en\/wp-json\/wp\/v2\/users\/1"}],"replies":[{"embeddable":true,"href":"https:\/\/www.polok.pl\/en\/wp-json\/wp\/v2\/comments?post=9"}],"version-history":[{"count":14,"href":"https:\/\/www.polok.pl\/en\/wp-json\/wp\/v2\/pages\/9\/revisions"}],"predecessor-version":[{"id":1102,"href":"https:\/\/www.polok.pl\/en\/wp-json\/wp\/v2\/pages\/9\/revisions\/1102"}],"wp:featuredmedia":[{"embeddable":true,"href":"https:\/\/www.polok.pl\/en\/wp-json\/wp\/v2\/media\/354"}],"wp:attachment":[{"href":"https:\/\/www.polok.pl\/en\/wp-json\/wp\/v2\/media?parent=9"}],"curies":[{"name":"wp","href":"https:\/\/api.w.org\/{rel}","templated":true}]}}