{"id":1066,"date":"2018-11-27T22:21:38","date_gmt":"2018-11-27T21:21:38","guid":{"rendered":"https:\/\/www.polok.pl\/?page_id=1066"},"modified":"2018-11-27T22:21:38","modified_gmt":"2018-11-27T21:21:38","slug":"stanowisko-pracownik-fizyczny","status":"publish","type":"page","link":"https:\/\/www.polok.pl\/ru\/o-firmie\/oferty-pracy\/stanowisko-pracownik-fizyczny\/","title":{"rendered":"Stanowisko: Pracownik fizyczny"},"content":{"rendered":"<p><strong>Zakres obowi\u0105zk\u00f3w:<\/strong><\/p>\n<ul>\n<li>wiercenie w detalach na maszynach konwencjonalnych,<\/li>\n<li>odtwarzanie gwint\u00f3w w otworach,<\/li>\n<li>wykonywanie gwint\u00f3w w otworach.<\/li>\n<li>obr\u00f3bka r\u0119czna detali wiertark\u0105, szlifierk\u0105 k\u0105tow\u0105, szlifierk\u0105 trzpieniow\u0105 prost\u0105 itp.,<\/li>\n<\/ul>\n<p><strong>Wymagania:<\/strong><\/p>\n<ul>\n<li>wiedza og\u00f3lna z zakresu motoryzacji,<\/li>\n<li>pos\u0142ugiwanie si\u0119 przyrz\u0105dami pomiarowymi (suwmiarka),<\/li>\n<li>mile widziane wykszta\u0142cenie techniczne,<\/li>\n<li>uczciwo\u015b\u0107, odpowiedzialno\u015b\u0107, elastyczno\u015b\u0107, samodzielno\u015b\u0107, komunikatywno\u015b\u0107.<\/li>\n<\/ul>\n<p><strong>Oferujemy:<\/strong><\/p>\n<ul>\n<li>szkolenie wdra\u017caj\u0105ce z zakres prac obr\u00f3bczych oraz znajomo\u015bci dziedziny motoryzacji,<\/li>\n<li>stabilne warunki zatrudnienia (umowa o prac\u0119), praca poniedzia\u0142ek-pi\u0105tek (praca jednozmianowa),<\/li>\n<li>mo\u017cliwo\u015b\u0107 pracy w nadgodzinach,<\/li>\n<li>mo\u017cliwo\u015b\u0107 rozwoju.<\/li>\n<\/ul>\n<p>CV oraz list motywacyjny nale\u017cy przes\u0142a\u0107 tylko i wy\u0142\u0105cznie na adres\u00a0<a href=\"mailto:rekrutacja@polok.pl\">rekrutacja@polok.pl<\/a>\u00a0z umieszczon\u0105 nast\u0119puj\u0105c\u0105 klauzul\u0105 : \u201eWyra\u017cam zgod\u0119 na przetwarzanie moich danych osobowych zawartych w ofercie pracy dla potrzeb niezb\u0119dnych do realizacji procesu rekrutacji zgodnie z Ustaw\u0105 o Ochronie Danych Osobowych z dnia 29.08.97 (Dz. U. z 2002 r nr 101, poz. 926)\u201d.<\/p>\n<p>Uprzejmie informujemy, \u017ce skontaktujemy si\u0119 tylko z wybranymi kandydatami.<\/p>\n","protected":false},"excerpt":{"rendered":"<p>Zakres obowi\u0105zk\u00f3w: wiercenie w detalach na maszynach konwencjonalnych, odtwarzanie gwint\u00f3w w otworach, wykonywanie gwint\u00f3w w otworach. obr\u00f3bka r\u0119czna detali wiertark\u0105, szlifierk\u0105 k\u0105tow\u0105, szlifierk\u0105 trzpieniow\u0105 prost\u0105 itp., Wymagania: wiedza og\u00f3lna z zakresu motoryzacji, pos\u0142ugiwanie si\u0119 przyrz\u0105dami pomiarowymi (suwmiarka), mile widziane wykszta\u0142cenie techniczne, uczciwo\u015b\u0107, odpowiedzialno\u015b\u0107, elastyczno\u015b\u0107, samodzielno\u015b\u0107, komunikatywno\u015b\u0107. Oferujemy: szkolenie wdra\u017caj\u0105ce z zakres prac obr\u00f3bczych oraz znajomo\u015bci [&hellip;]<\/p>\n","protected":false},"author":1,"featured_media":0,"parent":509,"menu_order":192,"comment_status":"closed","ping_status":"closed","template":"","meta":[],"class_list":["post-1066","page","type-page","status-publish","hentry"],"_links":{"self":[{"href":"https:\/\/www.polok.pl\/ru\/wp-json\/wp\/v2\/pages\/1066","targetHints":{"allow":["GET"]}}],"collection":[{"href":"https:\/\/www.polok.pl\/ru\/wp-json\/wp\/v2\/pages"}],"about":[{"href":"https:\/\/www.polok.pl\/ru\/wp-json\/wp\/v2\/types\/page"}],"author":[{"embeddable":true,"href":"https:\/\/www.polok.pl\/ru\/wp-json\/wp\/v2\/users\/1"}],"replies":[{"embeddable":true,"href":"https:\/\/www.polok.pl\/ru\/wp-json\/wp\/v2\/comments?post=1066"}],"version-history":[{"count":1,"href":"https:\/\/www.polok.pl\/ru\/wp-json\/wp\/v2\/pages\/1066\/revisions"}],"predecessor-version":[{"id":1067,"href":"https:\/\/www.polok.pl\/ru\/wp-json\/wp\/v2\/pages\/1066\/revisions\/1067"}],"up":[{"embeddable":true,"href":"https:\/\/www.polok.pl\/ru\/wp-json\/wp\/v2\/pages\/509"}],"wp:attachment":[{"href":"https:\/\/www.polok.pl\/ru\/wp-json\/wp\/v2\/media?parent=1066"}],"curies":[{"name":"wp","href":"https:\/\/api.w.org\/{rel}","templated":true}]}}