{"id":160,"date":"2012-12-23T21:04:12","date_gmt":"2012-12-23T21:04:12","guid":{"rendered":"https:\/\/local.polok.pl\/?page_id=160"},"modified":"2026-04-07T09:19:26","modified_gmt":"2026-04-07T08:19:26","slug":"dzialy","status":"publish","type":"page","link":"https:\/\/www.polok.pl\/ru\/kontakt\/dzialy\/","title":{"rendered":"Dzia\u0142y"},"content":{"rendered":"<div>\n<h5><strong>Biuro Obs\u0142ugi Klienta<\/strong><\/h5>\n<p>czynne pon.-pt. 07:00-15:00<\/p>\n<p>infolinia: <strong>+48 324 280 280<\/strong><br \/>\ne-mail: <a href=\"mailto:biuro@polok.pl\">biuro@polok.pl<\/a><\/p>\n<p><strong>Specjali\u015bci ds. obs\u0142ugi Klienta:<\/strong><br \/>\nPatryk Nowara<br \/>\ne-mail:\u00a0<a href=\"mailto:patryk.nowara@polok.pl\">patryk.nowara@polok.pl<\/a><\/p>\n<p>Andrzej Ziemo\u0144ski<br \/>\ne-mail: <a href=\"mailto:andrzej.ziemonski@polok.pl\">andrzej.ziemonski@polok.pl<\/a><\/p>\n<\/div>\n<div>\n<p><strong>Kierownik Operacyjny:<\/strong><br \/>\n\u0141ukasz Dudek<br \/>\ne-mail: <a href=\"mailto:lukasz.dudek@polok.pl\">lukasz.dudek@polok.pl<\/a><\/p>\n<p><strong>Dyrektor Operacyjny:<\/strong><br \/>\nAdam Nowak<br \/>\ne-mail: <a href=\"mailto:adam.nowak@polok.pl\">adam.nowak@polok.pl<\/a>\n<\/div>\n<div>\n<strong>Ksi\u0119gowo\u015b\u0107:<\/strong><br \/>\ne-mail: <a href=\"mailto:ksiegowosc@polok.pl\">ksiegowosc@polok.pl<\/a><br \/>\ntel. : +48 324 280 285<\/p>\n<p>Sylwia Pisarska<br \/>\ne-mail: <a href=\"mailto:sylwia.pisarska@polok.pl\">sylwia.pisarska@polok.pl<\/a><\/p>\n<p>Luiza Sorowka<br \/>\ne-mail: <a href=\"mailto:luiza.sorowka@polok.pl\">luiza.sorowka@polok.pl<\/a><\/p>\n<p><strong>Prezes Zarz\u0105du:<\/strong><br \/>\nPiotr Polok<br \/>\ne-mail: <a href=\"mailto:piotr.polok@polok.pl\">piotr.polok@polok.pl<\/a><\/p>\n<\/div>\n","protected":false},"excerpt":{"rendered":"<p>Biuro Obs\u0142ugi Klienta czynne pon.-pt. 07:00-15:00 infolinia: +48 324 280 280 e-mail: biuro@polok.pl Specjali\u015bci ds. obs\u0142ugi Klienta: Patryk Nowara e-mail:\u00a0patryk.nowara@polok.pl Andrzej Ziemo\u0144ski e-mail: andrzej.ziemonski@polok.pl Kierownik Operacyjny: \u0141ukasz Dudek e-mail: lukasz.dudek@polok.pl Dyrektor Operacyjny: Adam Nowak e-mail: adam.nowak@polok.pl Ksi\u0119gowo\u015b\u0107: e-mail: ksiegowosc@polok.pl tel. : +48 324 280 285 Sylwia Pisarska e-mail: sylwia.pisarska@polok.pl Luiza Sorowka e-mail: luiza.sorowka@polok.pl Prezes Zarz\u0105du: [&hellip;]<\/p>\n","protected":false},"author":1,"featured_media":0,"parent":14,"menu_order":0,"comment_status":"open","ping_status":"open","template":"","meta":[],"class_list":["post-160","page","type-page","status-publish","hentry"],"_links":{"self":[{"href":"https:\/\/www.polok.pl\/ru\/wp-json\/wp\/v2\/pages\/160","targetHints":{"allow":["GET"]}}],"collection":[{"href":"https:\/\/www.polok.pl\/ru\/wp-json\/wp\/v2\/pages"}],"about":[{"href":"https:\/\/www.polok.pl\/ru\/wp-json\/wp\/v2\/types\/page"}],"author":[{"embeddable":true,"href":"https:\/\/www.polok.pl\/ru\/wp-json\/wp\/v2\/users\/1"}],"replies":[{"embeddable":true,"href":"https:\/\/www.polok.pl\/ru\/wp-json\/wp\/v2\/comments?post=160"}],"version-history":[{"count":74,"href":"https:\/\/www.polok.pl\/ru\/wp-json\/wp\/v2\/pages\/160\/revisions"}],"predecessor-version":[{"id":3634,"href":"https:\/\/www.polok.pl\/ru\/wp-json\/wp\/v2\/pages\/160\/revisions\/3634"}],"up":[{"embeddable":true,"href":"https:\/\/www.polok.pl\/ru\/wp-json\/wp\/v2\/pages\/14"}],"wp:attachment":[{"href":"https:\/\/www.polok.pl\/ru\/wp-json\/wp\/v2\/media?parent=160"}],"curies":[{"name":"wp","href":"https:\/\/api.w.org\/{rel}","templated":true}]}}