{"id":1948,"date":"2022-06-02T11:09:08","date_gmt":"2022-06-02T10:09:08","guid":{"rendered":"https:\/\/www.polok.pl\/?page_id=1948"},"modified":"2022-09-05T11:32:36","modified_gmt":"2022-09-05T10:32:36","slug":"regeneracja-filtrow-dpf-fap-kat","status":"publish","type":"page","link":"https:\/\/www.polok.pl\/ru\/uslugi\/regeneracja-filtrow-dpf-fap-kat\/","title":{"rendered":"Regeneracja filtr\u00f3w DPF\/FAP\/KAT"},"content":{"rendered":"<p style=\"text-align: justify;\">Bior\u0105c pod uwag\u0119 tendencj\u0119 do wzrostu potrzeb klient\u00f3w w dziedzinie regeneracji filtr\u00f3w DPF\/FAP\/KAT\/SCR, kierujemy nasz\u0105 uwag\u0119 w kierunku tej cz\u0119\u015bci rynku. Oferujemy us\u0142ug\u0119 weryfikacji i regeneracji filtr\u00f3w cz\u0105stek sta\u0142ych zar\u00f3wno samochod\u00f3w osobowych jak i ci\u0119\u017carowych w oparciu o najnowsze technologie. Weryfikacja i regeneracja przeprowadzana jest przy zastosowaniu topowej maszyny numerycznie sterowanej, a efekt wykonanej us\u0142ugi potwierdzony jest wydrukiem. Zastosowana technologia przy u\u017cyciu maszyny  FF SOLUTION FH3 gwarantuje klientowi jako\u015b\u0107 na najwy\u017cszym \u015bwiatowym poziomie.<\/p>\n<p><\/p>\n<p><img decoding=\"async\" src=\"https:\/\/www.polok.pl\/wp-content\/uploads\/2022\/08\/DPF_machine-1.png\" alt=\"\" width=\"100%\" class=\"alignnone size-full wp-image-2102\" srcset=\"https:\/\/www.polok.pl\/wp-content\/uploads\/2022\/08\/DPF_machine-1.png 911w, https:\/\/www.polok.pl\/wp-content\/uploads\/2022\/08\/DPF_machine-1-300x257.png 300w, https:\/\/www.polok.pl\/wp-content\/uploads\/2022\/08\/DPF_machine-1-768x657.png 768w, https:\/\/www.polok.pl\/wp-content\/uploads\/2022\/08\/DPF_machine-1-600x513.png 600w, https:\/\/www.polok.pl\/wp-content\/uploads\/2022\/08\/DPF_machine-1-64x55.png 64w\" sizes=\"(max-width: 911px) 100vw, 911px\" \/><\/p>\n<p style=\"text-align: center;\"><I>Maszyna &#8222;FF SOLUTION FH3&#8221; stosowana przy regeneracji filtr\u00f3w<\/I><\/p>\n","protected":false},"excerpt":{"rendered":"<p>Bior\u0105c pod uwag\u0119 tendencj\u0119 do wzrostu potrzeb klient\u00f3w w dziedzinie regeneracji filtr\u00f3w DPF\/FAP\/KAT\/SCR, kierujemy nasz\u0105 uwag\u0119 w kierunku tej cz\u0119\u015bci rynku. Oferujemy us\u0142ug\u0119 weryfikacji i regeneracji filtr\u00f3w cz\u0105stek sta\u0142ych zar\u00f3wno samochod\u00f3w osobowych jak i ci\u0119\u017carowych w oparciu o najnowsze technologie. Weryfikacja i regeneracja przeprowadzana jest przy zastosowaniu topowej maszyny numerycznie sterowanej, a efekt wykonanej us\u0142ugi [&hellip;]<\/p>\n","protected":false},"author":2,"featured_media":0,"parent":8,"menu_order":5,"comment_status":"closed","ping_status":"closed","template":"podstrona.php","meta":[],"class_list":["post-1948","page","type-page","status-publish","hentry"],"_links":{"self":[{"href":"https:\/\/www.polok.pl\/ru\/wp-json\/wp\/v2\/pages\/1948","targetHints":{"allow":["GET"]}}],"collection":[{"href":"https:\/\/www.polok.pl\/ru\/wp-json\/wp\/v2\/pages"}],"about":[{"href":"https:\/\/www.polok.pl\/ru\/wp-json\/wp\/v2\/types\/page"}],"author":[{"embeddable":true,"href":"https:\/\/www.polok.pl\/ru\/wp-json\/wp\/v2\/users\/2"}],"replies":[{"embeddable":true,"href":"https:\/\/www.polok.pl\/ru\/wp-json\/wp\/v2\/comments?post=1948"}],"version-history":[{"count":16,"href":"https:\/\/www.polok.pl\/ru\/wp-json\/wp\/v2\/pages\/1948\/revisions"}],"predecessor-version":[{"id":2107,"href":"https:\/\/www.polok.pl\/ru\/wp-json\/wp\/v2\/pages\/1948\/revisions\/2107"}],"up":[{"embeddable":true,"href":"https:\/\/www.polok.pl\/ru\/wp-json\/wp\/v2\/pages\/8"}],"wp:attachment":[{"href":"https:\/\/www.polok.pl\/ru\/wp-json\/wp\/v2\/media?parent=1948"}],"curies":[{"name":"wp","href":"https:\/\/api.w.org\/{rel}","templated":true}]}}