{"id":2708,"date":"2023-08-22T11:43:19","date_gmt":"2023-08-22T10:43:19","guid":{"rendered":"https:\/\/www.polok.pl\/?page_id=2708"},"modified":"2023-08-22T11:45:03","modified_gmt":"2023-08-22T10:45:03","slug":"rodo","status":"publish","type":"page","link":"https:\/\/www.polok.pl\/ru\/rodo\/","title":{"rendered":"Polityka prywatno\u015bci"},"content":{"rendered":"<p>Ochrona Twoich danych osobowych jest dla nas najwy\u017cszym priorytetem, dlatego prosimy o uwa\u017cne przeczytanie poni\u017cszych informacji:<\/p>\n<p>Od dnia 25 maja wchodz\u0105 w \u017cycie nowe przepisy Unii Europejskiej dotycz\u0105ce ochrony danych osobowych RODO &#8211; &#8222;Rozporz\u0105dzenie Og\u00f3lne o Ochronie Danych Osobowych&#8221;. Na podstawie art. 6 ust 1 pkt b ww. ustawy, Twoje dane osobowe b\u0119d\u0105 przetwarzane, tak jak dotychczas, w celu realizacji warunk\u00f3w umowy oraz zapewnienia najwy\u017cszych standard\u00f3w dostarczania us\u0142ug internetowych. Bez obaw, Twoje dane osobowe s\u0105 u nas w pe\u0142ni zabezpieczone, zgodnie z nowymi normami ochrony danych osobowych.<\/p>\n<p><strong>Zgodnie z now\u0105 ustaw\u0105 przys\u0142uguje Ci:<\/strong><\/p>\n<ul>\n<li>Prawo dost\u0119pu do tre\u015bci swoich danych.<\/li>\n<li>Prawo ich sprostowania.<\/li>\n<li>Prawo do usuni\u0119cia, ograniczenia przetwarzania.<\/li>\n<li>Prawo do przenoszenia danych.<\/li>\n<li>Prawo wniesienia sprzeciwu.<\/li>\n<li>Prawo do cofni\u0119cia zgody w dowolnym momencie bez wp\u0142ywu na zgodno\u015b\u0107 z prawem przetwarzania, kt\u00f3rego dokonano na podstawie zgody przed jej cofni\u0119ciem.<\/li>\n<li>Prawo wniesienia skargi do organu nadzorczego gdy uzna Pani\/Pan, i\u017c przetwarzanie danych osobowych Pa\u0144stwa dotycz\u0105cych narusza przepisy og\u00f3lnego rozporz\u0105dzenia o ochronie danych osobowych z dnia 27 kwietnia 2016 r.<\/li>\n<\/ul>\n<p><strong>Informujemy, \u017ce Twoje dane:<\/strong><\/p>\n<ul>\n<li>NIE b\u0119d\u0105 przetwarzane w formie profilowania.<\/li>\n<li>NIE b\u0119d\u0105 udost\u0119pniane innym odbiorcom.<\/li>\n<li>NIE b\u0119d\u0105 przekazywane do pa\u0144stwa trzeciego.<\/li>\n<li>Zostan\u0105 bezpowrotnie usuni\u0119te dopiero po up\u0142ywie 12 miesi\u0119cy w przypadku rozwi\u0105zania umowy (Zgodnie z art. 165 ust 1 Prawa Telekomunikacyjnego)<\/li>\n<li>Informujemy, \u017ce administratorem Twoich danych osobowych jest POLOK Sp. z o. o.<br \/>\nz siedzib\u0105 w Gliwicach przy ulicy Sowi\u0144skiego 3, zwana dalej Sp\u00f3\u0142k\u0105.<\/li>\n<\/ul>\n<p>W razie jakichkolwiek pyta\u0144 lub w\u0105tpliwo\u015bci prosimy o kontakt z Inspektorem Ochrony Danych:\u00a0<a href=\"mailto:iod@polineo.pl\">iod@polok.pl<\/a><\/p>\n","protected":false},"excerpt":{"rendered":"<p>Ochrona Twoich danych osobowych jest dla nas najwy\u017cszym priorytetem, dlatego prosimy o uwa\u017cne przeczytanie poni\u017cszych informacji: Od dnia 25 maja wchodz\u0105 w \u017cycie nowe przepisy Unii Europejskiej dotycz\u0105ce ochrony danych osobowych RODO &#8211; &#8222;Rozporz\u0105dzenie Og\u00f3lne o Ochronie Danych Osobowych&#8221;. Na podstawie art. 6 ust 1 pkt b ww. ustawy, Twoje dane osobowe b\u0119d\u0105 przetwarzane, tak [&hellip;]<\/p>\n","protected":false},"author":2,"featured_media":0,"parent":0,"menu_order":232,"comment_status":"closed","ping_status":"closed","template":"","meta":[],"class_list":["post-2708","page","type-page","status-publish","hentry"],"_links":{"self":[{"href":"https:\/\/www.polok.pl\/ru\/wp-json\/wp\/v2\/pages\/2708","targetHints":{"allow":["GET"]}}],"collection":[{"href":"https:\/\/www.polok.pl\/ru\/wp-json\/wp\/v2\/pages"}],"about":[{"href":"https:\/\/www.polok.pl\/ru\/wp-json\/wp\/v2\/types\/page"}],"author":[{"embeddable":true,"href":"https:\/\/www.polok.pl\/ru\/wp-json\/wp\/v2\/users\/2"}],"replies":[{"embeddable":true,"href":"https:\/\/www.polok.pl\/ru\/wp-json\/wp\/v2\/comments?post=2708"}],"version-history":[{"count":3,"href":"https:\/\/www.polok.pl\/ru\/wp-json\/wp\/v2\/pages\/2708\/revisions"}],"predecessor-version":[{"id":2712,"href":"https:\/\/www.polok.pl\/ru\/wp-json\/wp\/v2\/pages\/2708\/revisions\/2712"}],"wp:attachment":[{"href":"https:\/\/www.polok.pl\/ru\/wp-json\/wp\/v2\/media?parent=2708"}],"curies":[{"name":"wp","href":"https:\/\/api.w.org\/{rel}","templated":true}]}}