{"id":423,"date":"2015-06-09T08:52:29","date_gmt":"2015-06-09T07:52:29","guid":{"rendered":"https:\/\/www.polok.pl\/?page_id=423"},"modified":"2022-09-05T11:32:55","modified_gmt":"2022-09-05T10:32:55","slug":"spawanie-aluminium","status":"publish","type":"page","link":"https:\/\/www.polok.pl\/ru\/uslugi\/spawanie-aluminium\/","title":{"rendered":"Spawanie"},"content":{"rendered":"<p style=\"text-align: justify;\"><strong>Aluminium (a raczej jego stopy, poniewa\u017c sam czysty metal posiada bardzo nisk\u0105 wytrzyma\u0142o\u015b\u0107) to metal \u015bwietnie poddaj\u0105cy si\u0119 obr\u00f3bce i spawanie aluminiowych cz\u0119\u015bci nie nastr\u0119cza zwykle wi\u0119kszych trudno\u015bci.<\/strong><\/p>\n<p style=\"text-align: justify;\">W celu solidnego spawania aluminium mo\u017cna wykorzystywa\u0107 r\u00f3\u017cne metody, jednak dwie s\u0105 wiod\u0105ce i najpopularniejsze:<br \/>\n&#8211; metoda MIG<br \/>\n&#8211; metoda TIG<\/p>\n<p style=\"text-align: justify;\"><img loading=\"lazy\" decoding=\"async\" class=\"aligncenter wp-image-488\" src=\"https:\/\/www.polok.pl\/wp-content\/uploads\/2015\/06\/firman-09-\u2014-kopia.jpg\" alt=\"Spawanie aluminium\" width=\"642\" height=\"302\" srcset=\"https:\/\/www.polok.pl\/wp-content\/uploads\/2015\/06\/firman-09-\u2014-kopia.jpg 698w, https:\/\/www.polok.pl\/wp-content\/uploads\/2015\/06\/firman-09-\u2014-kopia-300x140.jpg 300w\" sizes=\"auto, (max-width: 642px) 100vw, 642px\" \/><\/p>\n<p style=\"text-align: justify;\">To metody spawania \u0142ukowego w os\u0142onie gazu. <strong>Spawanie metod\u0105 TIG<\/strong> <em>(Tungsten Metal Gas)<\/em> jest gwarancj\u0105 otrzymania spoin najwy\u017cszej jako\u015bci. W przypadku tej metody, ca\u0142y proces przeprowadzany jest przez nietopliw\u0105 oraz odporn\u0105 na temperatur\u0119 elektrod\u0119 wolframow\u0105, przy kt\u00f3rej udziale wytwarzany jest \u0142uk spawalniczy rozgrzewaj\u0105cy i up\u0142ynniaj\u0105cy aluminium.<\/p>\n<p style=\"text-align: justify;\">Zwykle elektroda nie musi nawet dotyka\u0107 metalu, poniewa\u017c zajarzenie \u0142uku spawalniczego odbywa si\u0119 przy udziale wysokiego napi\u0119cia <em>(w\u0142\u0105czanego w spos\u00f3b przej\u015bciowy)<\/em>, a ca\u0142y proces spawania przebiega przy u\u017cyciu pr\u0105du przemiennego.<\/p>\n<p style=\"text-align: justify;\">Gaz ochronny &#8211; doprowadzany specjaln\u0105 dysz\u0105 &#8211; chroni materia\u0142 przed reakcjami chemicznymi, a rol\u0119 owego gazu ochronnego pe\u0142ni zwykle argon (Ar) lub hel (He).<\/p>\n<p style=\"text-align: justify;\"><img loading=\"lazy\" decoding=\"async\" class=\"aligncenter wp-image-487\" src=\"https:\/\/www.polok.pl\/wp-content\/uploads\/2015\/06\/3-1024x768-\u2014-kopia1.jpg\" alt=\"Spawanie profesjonalne\" width=\"642\" height=\"254\" srcset=\"https:\/\/www.polok.pl\/wp-content\/uploads\/2015\/06\/3-1024x768-\u2014-kopia1.jpg 1023w, https:\/\/www.polok.pl\/wp-content\/uploads\/2015\/06\/3-1024x768-\u2014-kopia1-300x118.jpg 300w\" sizes=\"auto, (max-width: 642px) 100vw, 642px\" \/><\/p>\n<p style=\"text-align: justify;\"><strong>Metoda MIG<\/strong> <em>(Metal Inert Gas)<\/em> polega na spawaniu z zastosowaniem podobnego, oboj\u0119tnego gazu os\u0142onowego, czyli na przyk\u0142ad helu lub argonu. Spawanie odbywa si\u0119 przy pomocy \u0142uku elektrycznego, wytwarzanego mi\u0119dzy topliw\u0105 elektrod\u0105, a cz\u0119\u015bci\u0105 spawanego aluminium.<\/p>\n<p style=\"text-align: justify;\">Wytworzone w ten spos\u00f3b spoiny s\u0105 dobrej jako\u015bci, spawanie jest wydajne, jego koszt jest niski, a ca\u0142o\u015b\u0107 polega &#8211; opisuj\u0105c w skr\u00f3cie &#8211; na mieszaniu materia\u0142u topi\u0105cego si\u0119 drutu spawalniczego z cz\u0119\u015bci\u0105, kt\u00f3ra ma zosta\u0107 z\u0142\u0105czona. Tworzy si\u0119 w ten spos\u00f3b jezioro spawalnicze, kt\u00f3re stygnie i krzepnie, gdy drut si\u0119 oddali. Stosowana jest r\u00f3wnie\u017c metoda MAG, wykorzystuj\u0105ca gazy aktywne na przyk\u0142ad dwutlenek w\u0119gla.<\/p>\n<p style=\"text-align: justify;\"><img loading=\"lazy\" decoding=\"async\" class=\"aligncenter wp-image-490\" src=\"https:\/\/www.polok.pl\/wp-content\/uploads\/2015\/06\/welding-71269_1280-\u2014-kopia-\u2014-kopia.jpg\" alt=\"Spawanie gazowe\" width=\"642\" height=\"283\" srcset=\"https:\/\/www.polok.pl\/wp-content\/uploads\/2015\/06\/welding-71269_1280-\u2014-kopia-\u2014-kopia.jpg 957w, https:\/\/www.polok.pl\/wp-content\/uploads\/2015\/06\/welding-71269_1280-\u2014-kopia-\u2014-kopia-300x132.jpg 300w\" sizes=\"auto, (max-width: 642px) 100vw, 642px\" \/><\/p>\n<p style=\"text-align: justify;\"><strong>Zastosowanie gazu ochronnego zabezpiecza spawany materia\u0142 przed reakcjami &#8211; z tlenem oraz wodorem &#8211; kt\u00f3re mog\u0142yby uszkodzi\u0107 spawan\u0105 powierzchni\u0119, mi\u0119dzy innymi czyni\u0105c j\u0105 porowat\u0105.<\/strong><\/p>\n<p style=\"text-align: justify;\">Najnowocze\u015bniejsze metody, najlepsze i najbardziej rozwini\u0119te technologicznie maszyny oraz wieloletnie do\u015bwiadczenie naszych pracownik\u00f3w pozwala nam spawa\u0107 aluminiowe cz\u0119\u015bci precyzyjnie i bez najmniejszych uchybie\u0144.<\/p>\n<p style=\"text-align: justify;\">Jednocze\u015bnie zaznaczamy, i\u017c podejmujemy si\u0119 nawet najbardziej k\u0142opotliwych zada\u0144, wierz\u0105c w w\u0142asne umiej\u0119tno\u015bci oraz w niew\u0105tpliwe zalety stosowanego przez nas sprz\u0119tu.<\/p>\n<p style=\"text-align: justify;\"><img loading=\"lazy\" decoding=\"async\" class=\"aligncenter wp-image-502\" src=\"https:\/\/www.polok.pl\/wp-content\/uploads\/2015\/06\/68ffe4891c8f13c03db37d25719bbcdd-\u2014-kopia.jpg\" alt=\"Spawanie\" width=\"642\" height=\"275\" srcset=\"https:\/\/www.polok.pl\/wp-content\/uploads\/2015\/06\/68ffe4891c8f13c03db37d25719bbcdd-\u2014-kopia.jpg 736w, https:\/\/www.polok.pl\/wp-content\/uploads\/2015\/06\/68ffe4891c8f13c03db37d25719bbcdd-\u2014-kopia-300x128.jpg 300w\" sizes=\"auto, (max-width: 642px) 100vw, 642px\" \/><\/p>\n<p style=\"text-align: justify;\"><strong>\u017beliwo to materia\u0142 masywny, ale jednocze\u015bnie twardy i wytrzyma\u0142y.<\/strong> Jest stopem \u017celaza i w\u0119gla z domieszk\u0105 innych sk\u0142adnik\u00f3w &#8211; zazwyczaj to fosfor, krzem, mangan oraz siarka. Posiada wiele zalet, lecz najwa\u017cniejsza &#8211; pow\u00f3d dla kt\u00f3rego stop ten jest tak ch\u0119tnie wykorzystywany w g\u00f3rnej cz\u0119\u015bci bloku silnika &#8211; jest jego mikroporowato\u015b\u0107. Dzi\u0119ki temu w cylindrach nasi\u0105ka olejem i umo\u017cliwia swobodne przemieszczanie si\u0119 w ich wn\u0119trzu t\u0142ok\u00f3w.<\/p>\n<p style=\"text-align: justify;\"><strong>\u017beliwo posiada wiele r\u00f3\u017cnych zastosowa\u0144 &#8211;<\/strong> zar\u00f3wno jako wyposa\u017cenie dom\u00f3w (patelnie, kaloryfery itp.), jak i w in\u017cynierii sanitarnej <em>(np. \u017celiwne rury)<\/em>. W motoryzacji z tego stopu odlewa si\u0119 mn\u00f3stwo r\u00f3\u017cnych cz\u0119\u015bci &#8211; mi\u0119dzy innymi g\u0142owice, bloki silnik\u00f3w oraz obudowy skrzyni bieg\u00f3w.<\/p>\n<p style=\"text-align: justify;\"><img loading=\"lazy\" decoding=\"async\" class=\"aligncenter wp-image-503\" src=\"https:\/\/www.polok.pl\/wp-content\/uploads\/2015\/06\/030629-F-4779S-001-\u2014-kopia.jpg\" alt=\"Spawacze\" width=\"642\" height=\"285\" srcset=\"https:\/\/www.polok.pl\/wp-content\/uploads\/2015\/06\/030629-F-4779S-001-\u2014-kopia.jpg 1300w, https:\/\/www.polok.pl\/wp-content\/uploads\/2015\/06\/030629-F-4779S-001-\u2014-kopia-300x133.jpg 300w, https:\/\/www.polok.pl\/wp-content\/uploads\/2015\/06\/030629-F-4779S-001-\u2014-kopia-1024x454.jpg 1024w\" sizes=\"auto, (max-width: 642px) 100vw, 642px\" \/><\/p>\n<p style=\"text-align: justify;\">Aby najskuteczniej zreperowa\u0107 uszkodzone cz\u0119\u015bci, odlane z tego popularnego stopu, nale\u017cy je ze sob\u0105 zespawa\u0107. Nie jest to czynno\u015b\u0107 \u0142atwa i najlepiej, by zaj\u0119li si\u0119 tym profesjonali\u015bci &#8211; \u017celiwo przy ca\u0142ej swej masywno\u015bci jest bowiem dosy\u0107 kruche i w warunkach oddzia\u0142ywania napr\u0119\u017ce\u0144 spawalniczych mo\u017ce zacz\u0105\u0107 p\u0119ka\u0107.<\/p>\n<p style=\"text-align: justify;\">Najnowsze maszyny oraz bogate do\u015bwiadczenie najlepiej poradz\u0105 sobie z tego typu zagro\u017ceniami &#8211; mog\u0105 by\u0107 Pa\u0144stwo pewni, \u017ce dopilnujemy ka\u017cdego szczeg\u00f3\u0142u i z pe\u0142nym zaanga\u017cowaniem zajmiemy si\u0119 ka\u017cd\u0105 najdrobniejsz\u0105 usterk\u0105.<\/p>\n<p style=\"text-align: justify;\"><img loading=\"lazy\" decoding=\"async\" class=\"aligncenter wp-image-504\" src=\"https:\/\/www.polok.pl\/wp-content\/uploads\/2015\/06\/ship-80119_1920-\u2014-kopia.jpg\" alt=\"Spawanie wielkogabarytowe\" width=\"642\" height=\"279\" srcset=\"https:\/\/www.polok.pl\/wp-content\/uploads\/2015\/06\/ship-80119_1920-\u2014-kopia.jpg 959w, https:\/\/www.polok.pl\/wp-content\/uploads\/2015\/06\/ship-80119_1920-\u2014-kopia-300x130.jpg 300w\" sizes=\"auto, (max-width: 642px) 100vw, 642px\" \/><\/p>\n<p style=\"text-align: justify;\"><strong>Nasza firma specjalizuje si\u0119 w spawaniu odlew\u00f3w \u017celiwnych wszelkich gabaryt\u00f3w &#8211;<\/strong> st\u0105d jeste\u015bmy w stanie zespawa\u0107 uszkodzone korpusy oraz poszczeg\u00f3lne elementy wszelkich maszyn &#8211; bez wzgl\u0119du na ich mas\u0119, wielko\u015b\u0107 oraz rodzaj uszkodze\u0144. Podejmujemy si\u0119 bowiem r\u00f3wnie\u017c zada\u0144 trudnych oraz wymagaj\u0105cych wyj\u0105tkowej precyzji &#8211; mi\u0119dzy innymi regenerujemy silniki aut zabytkowych.<\/p>\n<p style=\"text-align: justify;\"><strong>\u017beliwo mo\u017cna spawa\u0107 na trzy sposoby:<\/strong><br \/>\n&#8211; na zimno -&gt; <em>dzi\u0119ki minimalnej ilo\u015bci wprowadzanego ciep\u0142a ogranicza si\u0119 napr\u0119\u017cenie spawalnicze i minimalizuje ryzyko powstania p\u0119kni\u0119\u0107<\/em><br \/>\n&#8211; na gor\u0105co -&gt;<em> w tym przypadku ca\u0142y odlew podgrzewa si\u0119 do temperatury 600\/700\u00b0C i w\u00f3wczas dokonuje spawania, a po jego zako\u0144czeniu &#8211; w celu unikni\u0119cia p\u0119kni\u0119\u0107 &#8211; odlew musi stygn\u0105\u0107 powoli<\/em><br \/>\n&#8211; na p\u00f3\u0142gor\u0105co -&gt; <em>przy czym spos\u00f3b ten jest niezwykle rzadko stosowany.<\/em><\/p>\n<p style=\"text-align: justify;\"><strong>Nasza firma opracowa\u0142a unikaln\u0105 technologi\u0119 spawania \u017celiwa, kt\u00f3ra pozwala nam na wykonywanie spoin najwy\u017cszej jako\u015bci i trwa\u0142o\u015bci.<\/strong><\/p>\n<p style=\"text-align: justify;\"><img loading=\"lazy\" decoding=\"async\" class=\"aligncenter wp-image-471\" src=\"https:\/\/www.polok.pl\/wp-content\/uploads\/2015\/06\/1280px-thumbnail-\u2014-kopia.jpg\" alt=\"Profesjonalne spawanie\" width=\"642\" height=\"314\" srcset=\"https:\/\/www.polok.pl\/wp-content\/uploads\/2015\/06\/1280px-thumbnail-\u2014-kopia.jpg 1279w, https:\/\/www.polok.pl\/wp-content\/uploads\/2015\/06\/1280px-thumbnail-\u2014-kopia-300x146.jpg 300w, https:\/\/www.polok.pl\/wp-content\/uploads\/2015\/06\/1280px-thumbnail-\u2014-kopia-1024x500.jpg 1024w\" sizes=\"auto, (max-width: 642px) 100vw, 642px\" \/><\/p>\n<p style=\"text-align: justify;\"><strong>Metale kolorowe &#8211;<\/strong> czyli inaczej metale i stopy nie\u017celazne &#8211; to metale dobrze przewodz\u0105ce ciep\u0142o, o charakterystycznym po\u0142ysku oraz r\u00f3\u017cnorodnych w\u0142a\u015bciwo\u015bciach, pozwalaj\u0105cych im posiada\u0107 szerokie zastosowanie w przemy\u015ble.<\/p>\n<p style=\"text-align: justify;\">Do tej grupy metali mo\u017cna zaliczy\u0107 mi\u0119dzy innymi mied\u017a, cyn\u0119, aluminium, o\u0142\u00f3w, jak r\u00f3wnie\u017c mosi\u0105dz <em>(stop miedzi i cynku)<\/em> oraz br\u0105z <em>(stop miedzi i cyny, b\u0105d\u017a innych metali)<\/em>. Metale kolorowe s\u0105 r\u00f3wnie\u017c powszechnie spotykanym tworzywem w dziale, kt\u00f3ry nas najbardziej interesuje &#8211; motoryzacji i cz\u0119\u015bciach maszyn.<\/p>\n<p style=\"text-align: justify;\"><strong>Wykonuje si\u0119 z nich mn\u00f3stwo element\u00f3w pojazd\u00f3w &#8211; ko\u0142a z\u0119bate, felgi, kad\u0142uby silnik\u00f3w, \u0142o\u017cyska, nap\u0119dy, g\u0142owice itp. Jak wiadomo, ka\u017cda cz\u0119\u015b\u0107 pojazdu w trakcie u\u017cytkowania mo\u017ce zosta\u0107 uszkodzona &#8211; nale\u017cy j\u0105 zatem profesjonalnie naprawi\u0107.<\/strong><\/p>\n<p style=\"text-align: justify;\"><img loading=\"lazy\" decoding=\"async\" class=\"aligncenter wp-image-472\" src=\"https:\/\/www.polok.pl\/wp-content\/uploads\/2015\/06\/gesti\u00f3n-trabajadores-2-\u2014-kopia.png\" alt=\"Spawanie drobnych cz\u0119\u015bci\" width=\"642\" height=\"298\" srcset=\"https:\/\/www.polok.pl\/wp-content\/uploads\/2015\/06\/gesti\u00f3n-trabajadores-2-\u2014-kopia.png 800w, https:\/\/www.polok.pl\/wp-content\/uploads\/2015\/06\/gesti\u00f3n-trabajadores-2-\u2014-kopia-300x139.png 300w\" sizes=\"auto, (max-width: 642px) 100vw, 642px\" \/><\/p>\n<p style=\"text-align: justify;\">Spawanie metali kolorowych pozornie jest proste, cho\u0107 nieco utrudniaj\u0105 je w\u0142a\u015bciwo\u015bci, jakie owe metale posiadaj\u0105:<br \/>\n&#8211; s\u0105 dobrymi przewodnikami ciep\u0142a i posiadaj\u0105 du\u017c\u0105 pojemno\u015b\u0107 ciepln\u0105, co utrudnia ich topnienie<br \/>\n&#8211; wchodz\u0105 w reakcje z tlenem, a powstaj\u0105ce tlenki s\u0105 trudno topliwe i mog\u0105 zanieczy\u015bci\u0107 tworzon\u0105 spoin\u0119<br \/>\n&#8211; poszczeg\u00f3lne metale posiadaj\u0105 nisk\u0105 temperatur\u0119 topnienia i wrzenia.<\/p>\n<p style=\"text-align: justify;\"><strong>Spawaniem metali kolorowych i wykonanych z nich cz\u0119\u015bci pojazdu musi zaj\u0105\u0107 si\u0119 profesjonalista.<\/strong> Tylko taki cz\u0142owiek zastosuje odpowiednie, silniejsze \u017ar\u00f3d\u0142a ciep\u0142a, by m\u00f3c stopi\u0107 metal, b\u0105d\u017a te\u017c wst\u0119pnie go podgrzeje. B\u0119dzie r\u00f3wnie\u017c pami\u0119ta\u0142 o odpowiednich \u015brodkach ochrony <em>(poszczeg\u00f3lne metale i ich tlenki s\u0105 gro\u017ane dla zdrowia).<\/em><\/p>\n<p><img loading=\"lazy\" decoding=\"async\" class=\"aligncenter wp-image-487\" src=\"https:\/\/www.polok.pl\/wp-content\/uploads\/2015\/06\/3-1024x768-\u2014-kopia1.jpg\" alt=\"Spawacz\" width=\"642\" height=\"254\" srcset=\"https:\/\/www.polok.pl\/wp-content\/uploads\/2015\/06\/3-1024x768-\u2014-kopia1.jpg 1023w, https:\/\/www.polok.pl\/wp-content\/uploads\/2015\/06\/3-1024x768-\u2014-kopia1-300x118.jpg 300w\" sizes=\"auto, (max-width: 642px) 100vw, 642px\" \/><\/p>\n<p style=\"text-align: justify;\">W przypadku aluminium, stali nierdzewnej, mosi\u0105dzu, czy br\u0105zu dominuje spawanie \u0142ukowe przy os\u0142onie gazu oraz metoda MIG lub TIG.<\/p>\n<p style=\"text-align: justify;\"><strong>Metoda TIG,<\/strong> czyli Tungsten Metal Gas &#8211; idealnie sprawdza si\u0119 przy spawaniu metali kolorowych, poniewa\u017c jest uniwersalna, zespawa elementy bez wzgl\u0119du na ich grubo\u015b\u0107 (nawet cienkie detale), umo\u017cliwia zrobotyzowanie ca\u0142ego procesu oraz spawanie we wszystkich pozycjach. To metoda najcz\u0119\u015bciej stosowana przy spawaniu metali kolorowych.<\/p>\n<p style=\"text-align: justify;\"><strong>Metoda MIG,<\/strong> czyli Metal Inert Gas, polega na mieszaniu materia\u0142u topi\u0105cego si\u0119 drutu spawalniczego z cz\u0119\u015bci\u0105, kt\u00f3ra ma zosta\u0107 z\u0142\u0105czona &#8211; spawanie odbywa si\u0119 przy ochronie gazu os\u0142onowego.<\/p>\n<p style=\"text-align: justify;\"><img loading=\"lazy\" decoding=\"async\" class=\"aligncenter wp-image-474\" src=\"https:\/\/www.polok.pl\/wp-content\/uploads\/2015\/06\/hires_101021-N-9116H-005c-\u2014-kopia.jpg\" alt=\"Spawanie detali\" width=\"642\" height=\"304\" srcset=\"https:\/\/www.polok.pl\/wp-content\/uploads\/2015\/06\/hires_101021-N-9116H-005c-\u2014-kopia.jpg 1866w, https:\/\/www.polok.pl\/wp-content\/uploads\/2015\/06\/hires_101021-N-9116H-005c-\u2014-kopia-300x142.jpg 300w, https:\/\/www.polok.pl\/wp-content\/uploads\/2015\/06\/hires_101021-N-9116H-005c-\u2014-kopia-1024x485.jpg 1024w\" sizes=\"auto, (max-width: 642px) 100vw, 642px\" \/><\/p>\n<p style=\"text-align: justify;\">Niezwykle wa\u017cna w przypadku spawania metali kolorowych jest ostro\u017cno\u015b\u0107, dok\u0142adno\u015b\u0107 oraz odpowiednia technika &#8211; tak, aby spoiwa by\u0142y dopasowane, a spoiny niewidoczne.<\/p>\n<p style=\"text-align: justify;\"><strong>Wszystko to znajdziecie Pa\u0144stwo w naszej firmie &#8211; do\u015bwiadczeni pracownicy podejm\u0105 si\u0119 za\u015b nawet trudnych napraw.<\/strong><\/p>\n<p style=\"text-align: justify;\">Napawanie oznacza pokrywanie powierzchni metalowych warstw\u0105 metalu przy pomocy spawania po\u0142\u0105czonego z topieniem pod\u0142o\u017ca. Jest to zabieg wymagaj\u0105cy wielkiej precyzji i dok\u0142adno\u015bci, poniewa\u017c nale\u017cy uwa\u017ca\u0107 by tworzone warstwy by\u0142y szczelne, pozbawione por\u00f3w oraz p\u0119kni\u0119\u0107.<\/p>\n<p style=\"text-align: justify;\"><img loading=\"lazy\" decoding=\"async\" class=\"aligncenter wp-image-469\" src=\"https:\/\/www.polok.pl\/wp-content\/uploads\/2015\/06\/111.jpg\" alt=\"Spawanie\" width=\"642\" height=\"277\" srcset=\"https:\/\/www.polok.pl\/wp-content\/uploads\/2015\/06\/111.jpg 1158w, https:\/\/www.polok.pl\/wp-content\/uploads\/2015\/06\/111-300x129.jpg 300w, https:\/\/www.polok.pl\/wp-content\/uploads\/2015\/06\/111-1024x442.jpg 1024w\" sizes=\"auto, (max-width: 642px) 100vw, 642px\" \/><\/p>\n<p style=\"text-align: justify;\"><strong>Oznacza to konieczno\u015b\u0107 zastosowania maszyn najwy\u017cszej jako\u015bci oraz pracy ludzi, kt\u00f3rzy posiadaj\u0105 ju\u017c niema\u0142e do\u015bwiadczenie w wykonywaniu tego typu zabieg\u00f3w.<\/strong><\/p>\n<p style=\"text-align: justify;\">Napawanie proszkowe korzysta z metod stosowanych w spawalnictwie oraz w obr\u00f3bce plazm\u0105. Dzia\u0142anie tego typu jest najlepszym sposobem na napraw\u0119 uszkodzonych powierzchni metalowych &#8211; eliminuje r\u00f3wnie\u017c wady odlewnicze, dzi\u0119ki czemu wadliwy odlew jest w poprawny spos\u00f3b modyfikowany, zamiast po prostu wymieniany na nowy<em> (co by\u0142oby niezwykle kosztowne)<\/em>. W miejscu wyst\u0105pienia wad lub uszkodze\u0144 tworzona jest napoina.<\/p>\n<p style=\"text-align: justify;\"><strong>Napawanie jest r\u00f3wnie\u017c znakomitym sposobem na zabezpieczenie powierzchni, kt\u00f3ra na przyk\u0142ad podlega ci\u0105g\u0142ym napr\u0119\u017ceniom i istnieje ryzyko jej uszkodzenia w przysz\u0142o\u015bci &#8211; napoina redukuje to ryzyko i wzmacnia ca\u0142\u0105 konstrukcj\u0119.<\/strong><\/p>\n<p><img loading=\"lazy\" decoding=\"async\" class=\"aligncenter wp-image-470\" src=\"https:\/\/www.polok.pl\/wp-content\/uploads\/2015\/06\/1417674264_1-\u2014-kopia.jpg\" alt=\"Napawanie proszkowe\" width=\"642\" height=\"255\" srcset=\"https:\/\/www.polok.pl\/wp-content\/uploads\/2015\/06\/1417674264_1-\u2014-kopia.jpg 2271w, https:\/\/www.polok.pl\/wp-content\/uploads\/2015\/06\/1417674264_1-\u2014-kopia-300x119.jpg 300w, https:\/\/www.polok.pl\/wp-content\/uploads\/2015\/06\/1417674264_1-\u2014-kopia-1024x406.jpg 1024w\" sizes=\"auto, (max-width: 642px) 100vw, 642px\" \/><\/p>\n<p style=\"text-align: justify;\">Nale\u017cy by\u0107 ostro\u017cnym i czuwa\u0107 nad poprawnym przebiegiem ca\u0142ego procesu. W trakcie napawania wyst\u0119puj\u0105 bowiem zmienne cykle cieplne, co z kolei mog\u0142oby doprowadzi\u0107 do powstania p\u0119kni\u0119\u0107.<\/p>\n<p style=\"text-align: justify;\">Wiele zale\u017cy od struktury tworzonej napoiny, jej twardo\u015bci, sk\u0142adu chemicznego oraz p\u00f3\u017aniejszego przeprowadzania procesu &#8211; mi\u0119dzy innymi szybko\u015bci, z jak\u0105 nast\u0119puje spadek temperatury po zako\u0144czeniu pracy. Wszystko to powinno spoczywa\u0107 w r\u0119kach wykwalifikowanych pracownik\u00f3w, kt\u00f3rzy z pe\u0142nym zaanga\u017cowaniem b\u0119d\u0105 czuwa\u0107 nad ka\u017cdym szczeg\u00f3\u0142em i przebiegiem ka\u017cdego etapu pracy.<\/p>\n<p style=\"text-align: justify;\"><strong>W\u0142a\u015bnie takich mechanik\u00f3w &#8211; posiadaj\u0105cych bogate do\u015bwiadczenie i pracuj\u0105cych na najlepszych jako\u015bciowo oraz najnowocze\u015bniejszych maszynach &#8211; mo\u017ce Pa\u0144stwu zapewni\u0107 nasza firma.<\/strong><\/p>\n<p style=\"text-align: justify;\">W przypadku napawania proszkowego, wykonywane jest spawanie \u0142ukowe drutem rdzeniowym (proszkowym), gdzie drut wype\u0142niony jest topnikiem oraz &#8211; przy stalach stopowych &#8211; w\u0142a\u015bnie sproszkowanymi metalami, takimi jak na przyk\u0142ad nikiel czy chrom, nak\u0142adanymi na topion\u0105 powierzchni\u0119.<\/p>\n","protected":false},"excerpt":{"rendered":"<p>Aluminium (a raczej jego stopy, poniewa\u017c sam czysty metal posiada bardzo nisk\u0105 wytrzyma\u0142o\u015b\u0107) to metal \u015bwietnie poddaj\u0105cy si\u0119 obr\u00f3bce i spawanie aluminiowych cz\u0119\u015bci nie nastr\u0119cza zwykle wi\u0119kszych trudno\u015bci. W celu solidnego spawania aluminium mo\u017cna wykorzystywa\u0107 r\u00f3\u017cne metody, jednak dwie s\u0105 wiod\u0105ce i najpopularniejsze: &#8211; metoda MIG &#8211; metoda TIG To metody spawania \u0142ukowego w os\u0142onie [&hellip;]<\/p>\n","protected":false},"author":2,"featured_media":0,"parent":8,"menu_order":6,"comment_status":"open","ping_status":"open","template":"podstrona.php","meta":[],"class_list":["post-423","page","type-page","status-publish","hentry"],"_links":{"self":[{"href":"https:\/\/www.polok.pl\/ru\/wp-json\/wp\/v2\/pages\/423","targetHints":{"allow":["GET"]}}],"collection":[{"href":"https:\/\/www.polok.pl\/ru\/wp-json\/wp\/v2\/pages"}],"about":[{"href":"https:\/\/www.polok.pl\/ru\/wp-json\/wp\/v2\/types\/page"}],"author":[{"embeddable":true,"href":"https:\/\/www.polok.pl\/ru\/wp-json\/wp\/v2\/users\/2"}],"replies":[{"embeddable":true,"href":"https:\/\/www.polok.pl\/ru\/wp-json\/wp\/v2\/comments?post=423"}],"version-history":[{"count":8,"href":"https:\/\/www.polok.pl\/ru\/wp-json\/wp\/v2\/pages\/423\/revisions"}],"predecessor-version":[{"id":1651,"href":"https:\/\/www.polok.pl\/ru\/wp-json\/wp\/v2\/pages\/423\/revisions\/1651"}],"up":[{"embeddable":true,"href":"https:\/\/www.polok.pl\/ru\/wp-json\/wp\/v2\/pages\/8"}],"wp:attachment":[{"href":"https:\/\/www.polok.pl\/ru\/wp-json\/wp\/v2\/media?parent=423"}],"curies":[{"name":"wp","href":"https:\/\/api.w.org\/{rel}","templated":true}]}}